{"id":7493,"date":"2024-09-09T17:36:15","date_gmt":"2024-09-09T21:36:15","guid":{"rendered":"https:\/\/armyrun.ca\/media-accreditation\/"},"modified":"2025-08-25T13:57:35","modified_gmt":"2025-08-25T17:57:35","slug":"accreditation-des-medias","status":"publish","type":"page","link":"https:\/\/armyrun.ca\/fr\/accreditation-des-medias\/","title":{"rendered":"Formulaire d&rsquo;accr\u00e9ditation des m\u00e9dias"},"content":{"rendered":"\t\t<div data-elementor-type=\"wp-page\" data-elementor-id=\"7493\" class=\"elementor elementor-7493 elementor-7488\">\n\t\t\t\t<div class=\"elementor-element elementor-element-62a3d6c e-flex e-con-boxed e-con e-parent\" data-id=\"62a3d6c\" data-element_type=\"container\" data-e-type=\"container\">\n\t\t\t\t\t<div class=\"e-con-inner\">\n\t\t\t\t<div class=\"elementor-element elementor-element-18f6da4 elementor-widget elementor-widget-text-editor\" data-id=\"18f6da4\" data-element_type=\"widget\" data-e-type=\"widget\" data-widget_type=\"text-editor.default\">\n\t\t\t\t<div class=\"elementor-widget-container\">\n\t\t\t\t\t\t\t\t\t<p><span data-teams=\"true\"><span class=\"ui-provider a b c d e f g h i j k l m n o p q r s t u v w x y z ab ac ae af ag ah ai aj ak\" dir=\"ltr\">L&rsquo;accr\u00e9ditation des m\u00e9dias est obligatoire pour tous les journalistes, photographes et vid\u00e9astes qui souhaitent assister en personne \u00e0 la Course de l&rsquo;Arm\u00e9e du Canada. L&rsquo;accr\u00e9ditation des m\u00e9dias est r\u00e9serv\u00e9e aux membres de la presse qui repr\u00e9sentent une organisation m\u00e9diatique l\u00e9gitime.<\/span><\/span><\/p>\t\t\t\t\t\t\t\t<\/div>\n\t\t\t\t<\/div>\n\t\t\t\t<div class=\"elementor-element elementor-element-fa7a54b elementor-widget elementor-widget-html\" data-id=\"fa7a54b\" data-element_type=\"widget\" data-e-type=\"widget\" data-widget_type=\"html.default\">\n\t\t\t\t<div class=\"elementor-widget-container\">\n\t\t\t\t\t    <iframe\n      id=\"JotFormIFrame-252364972820259\"\n      title=\"Formulaire d\u2019accr\u00e9ditation des m\u00e9dias\"\n      onload=\"window.parent.scrollTo(0,0)\"\n      allowtransparency=\"true\"\n      allow=\"geolocation; microphone; camera; fullscreen; payment\"\n      src=\"https:\/\/form.jotform.com\/252364972820259\"\n      frameborder=\"0\"\n      style=\"min-width:100%;max-width:100%;height:539px;border:none;\"\n      scrolling=\"yes\"\n    >\n    <\/iframe>\n    <script src='https:\/\/cdn.jotfor.ms\/s\/umd\/latest\/for-form-embed-handler.js'><\/script>\n    <script>window.jotformEmbedHandler(\"iframe[id='JotFormIFrame-252364972820259']\", \"https:\/\/form.jotform.com\/\")<\/script>\t\t\t\t<\/div>\n\t\t\t\t<\/div>\n\t\t\t\t\t<\/div>\n\t\t\t\t<\/div>\n\t\t\t\t<\/div>\n\t\t","protected":false},"excerpt":{"rendered":"<p>L&rsquo;accr\u00e9ditation des m\u00e9dias est obligatoire pour tous les journalistes, photographes et vid\u00e9astes qui souhaitent assister en personne \u00e0 la Course de l&rsquo;Arm\u00e9e du Canada. L&rsquo;accr\u00e9ditation des m\u00e9dias est r\u00e9serv\u00e9e aux membres de la presse qui repr\u00e9sentent une organisation m\u00e9diatique l\u00e9gitime.<\/p>\n","protected":false},"author":7,"featured_media":0,"parent":0,"menu_order":0,"comment_status":"closed","ping_status":"closed","template":"","meta":{"inline_featured_image":false,"_monsterinsights_skip_tracking":false,"_monsterinsights_sitenote_active":false,"_monsterinsights_sitenote_note":"","_monsterinsights_sitenote_category":0,"footnotes":""},"class_list":["post-7493","page","type-page","status-publish","hentry"],"yoast_head":"<!-- This site is optimized with the Yoast SEO Premium plugin v27.3 (Yoast SEO v27.3) - https:\/\/yoast.com\/product\/yoast-seo-premium-wordpress\/ -->\n<title>Formulaire d&#039;accr\u00e9ditation des m\u00e9dias - Course de l&#039;Arm\u00e9e<\/title>\n<meta name=\"description\" content=\"Tous les journalistes, photographes et vid\u00e9astes qui souhaitent assister en personne \u00e0 la Course de l&#039;Arm\u00e9e du Canada doivent obtenir\" \/>\n<meta name=\"robots\" content=\"index, follow, max-snippet:-1, max-image-preview:large, max-video-preview:-1\" \/>\n<link rel=\"canonical\" href=\"https:\/\/armyrun.ca\/fr\/accreditation-des-medias\/\" \/>\n<meta property=\"og:locale\" content=\"fr_FR\" \/>\n<meta property=\"og:type\" content=\"article\" \/>\n<meta property=\"og:title\" content=\"Formulaire d&#039;accr\u00e9ditation des m\u00e9dias\" \/>\n<meta property=\"og:description\" content=\"Tous les journalistes, photographes et vid\u00e9astes qui souhaitent assister en personne \u00e0 la Course de l&#039;Arm\u00e9e du Canada doivent obtenir\" \/>\n<meta property=\"og:url\" content=\"https:\/\/armyrun.ca\/fr\/accreditation-des-medias\/\" \/>\n<meta property=\"og:site_name\" content=\"Course de l&#039;Arm\u00e9e\" \/>\n<meta property=\"article:publisher\" content=\"https:\/\/www.facebook.com\/CanadaArmyRun\" \/>\n<meta property=\"article:modified_time\" content=\"2025-08-25T17:57:35+00:00\" \/>\n<meta name=\"twitter:card\" content=\"summary_large_image\" \/>\n<meta name=\"twitter:site\" content=\"@CanadaArmyRun\" \/>\n<meta name=\"twitter:label1\" content=\"Dur\u00e9e de lecture estim\u00e9e\" \/>\n\t<meta name=\"twitter:data1\" content=\"1 minute\" \/>\n<script type=\"application\/ld+json\" class=\"yoast-schema-graph\">{\"@context\":\"https:\\\/\\\/schema.org\",\"@graph\":[{\"@type\":\"WebPage\",\"@id\":\"https:\\\/\\\/armyrun.ca\\\/fr\\\/accreditation-des-medias\\\/\",\"url\":\"https:\\\/\\\/armyrun.ca\\\/fr\\\/accreditation-des-medias\\\/\",\"name\":\"Formulaire d'accr\u00e9ditation des m\u00e9dias - Course de l&#039;Arm\u00e9e\",\"isPartOf\":{\"@id\":\"https:\\\/\\\/armyrun.ca\\\/fr\\\/#website\"},\"datePublished\":\"2024-09-09T21:36:15+00:00\",\"dateModified\":\"2025-08-25T17:57:35+00:00\",\"description\":\"Tous les journalistes, photographes et vid\u00e9astes qui souhaitent assister en personne \u00e0 la Course de l'Arm\u00e9e du Canada doivent obtenir\",\"breadcrumb\":{\"@id\":\"https:\\\/\\\/armyrun.ca\\\/fr\\\/accreditation-des-medias\\\/#breadcrumb\"},\"inLanguage\":\"fr-FR\",\"potentialAction\":[{\"@type\":\"ReadAction\",\"target\":[\"https:\\\/\\\/armyrun.ca\\\/fr\\\/accreditation-des-medias\\\/\"]}]},{\"@type\":\"BreadcrumbList\",\"@id\":\"https:\\\/\\\/armyrun.ca\\\/fr\\\/accreditation-des-medias\\\/#breadcrumb\",\"itemListElement\":[{\"@type\":\"ListItem\",\"position\":1,\"name\":\"Accueill\",\"item\":\"https:\\\/\\\/armyrun.ca\\\/fr\\\/\"},{\"@type\":\"ListItem\",\"position\":2,\"name\":\"Formulaire d&#8217;accr\u00e9ditation des m\u00e9dias\"}]},{\"@type\":\"WebSite\",\"@id\":\"https:\\\/\\\/armyrun.ca\\\/fr\\\/#website\",\"url\":\"https:\\\/\\\/armyrun.ca\\\/fr\\\/\",\"name\":\"Army Run\",\"description\":\"Une course extraordinaire\",\"publisher\":{\"@id\":\"https:\\\/\\\/armyrun.ca\\\/fr\\\/#organization\"},\"potentialAction\":[{\"@type\":\"SearchAction\",\"target\":{\"@type\":\"EntryPoint\",\"urlTemplate\":\"https:\\\/\\\/armyrun.ca\\\/fr\\\/?s={search_term_string}\"},\"query-input\":{\"@type\":\"PropertyValueSpecification\",\"valueRequired\":true,\"valueName\":\"search_term_string\"}}],\"inLanguage\":\"fr-FR\"},{\"@type\":\"Organization\",\"@id\":\"https:\\\/\\\/armyrun.ca\\\/fr\\\/#organization\",\"name\":\"Army Run\",\"url\":\"https:\\\/\\\/armyrun.ca\\\/fr\\\/\",\"logo\":{\"@type\":\"ImageObject\",\"inLanguage\":\"fr-FR\",\"@id\":\"https:\\\/\\\/armyrun.ca\\\/fr\\\/#\\\/schema\\\/logo\\\/image\\\/\",\"url\":\"https:\\\/\\\/armyrun.ca\\\/wp-content\\\/uploads\\\/2024\\\/02\\\/image_2024-Logo-armyrun.png\",\"contentUrl\":\"https:\\\/\\\/armyrun.ca\\\/wp-content\\\/uploads\\\/2024\\\/02\\\/image_2024-Logo-armyrun.png\",\"width\":594,\"height\":192,\"caption\":\"Army Run\"},\"image\":{\"@id\":\"https:\\\/\\\/armyrun.ca\\\/fr\\\/#\\\/schema\\\/logo\\\/image\\\/\"},\"sameAs\":[\"https:\\\/\\\/www.facebook.com\\\/CanadaArmyRun\",\"https:\\\/\\\/x.com\\\/CanadaArmyRun\",\"https:\\\/\\\/www.instagram.com\\\/canadaarmyrun\\\/\",\"https:\\\/\\\/www.flickr.com\\\/photos\\\/canadaarmyrun\"]}]}<\/script>\n<!-- \/ Yoast SEO Premium plugin. -->","yoast_head_json":{"title":"Formulaire d'accr\u00e9ditation des m\u00e9dias - Course de l&#039;Arm\u00e9e","description":"Tous les journalistes, photographes et vid\u00e9astes qui souhaitent assister en personne \u00e0 la Course de l'Arm\u00e9e du Canada doivent obtenir","robots":{"index":"index","follow":"follow","max-snippet":"max-snippet:-1","max-image-preview":"max-image-preview:large","max-video-preview":"max-video-preview:-1"},"canonical":"https:\/\/armyrun.ca\/fr\/accreditation-des-medias\/","og_locale":"fr_FR","og_type":"article","og_title":"Formulaire d'accr\u00e9ditation des m\u00e9dias","og_description":"Tous les journalistes, photographes et vid\u00e9astes qui souhaitent assister en personne \u00e0 la Course de l'Arm\u00e9e du Canada doivent obtenir","og_url":"https:\/\/armyrun.ca\/fr\/accreditation-des-medias\/","og_site_name":"Course de l&#039;Arm\u00e9e","article_publisher":"https:\/\/www.facebook.com\/CanadaArmyRun","article_modified_time":"2025-08-25T17:57:35+00:00","twitter_card":"summary_large_image","twitter_site":"@CanadaArmyRun","twitter_misc":{"Dur\u00e9e de lecture estim\u00e9e":"1 minute"},"schema":{"@context":"https:\/\/schema.org","@graph":[{"@type":"WebPage","@id":"https:\/\/armyrun.ca\/fr\/accreditation-des-medias\/","url":"https:\/\/armyrun.ca\/fr\/accreditation-des-medias\/","name":"Formulaire d'accr\u00e9ditation des m\u00e9dias - Course de l&#039;Arm\u00e9e","isPartOf":{"@id":"https:\/\/armyrun.ca\/fr\/#website"},"datePublished":"2024-09-09T21:36:15+00:00","dateModified":"2025-08-25T17:57:35+00:00","description":"Tous les journalistes, photographes et vid\u00e9astes qui souhaitent assister en personne \u00e0 la Course de l'Arm\u00e9e du Canada doivent obtenir","breadcrumb":{"@id":"https:\/\/armyrun.ca\/fr\/accreditation-des-medias\/#breadcrumb"},"inLanguage":"fr-FR","potentialAction":[{"@type":"ReadAction","target":["https:\/\/armyrun.ca\/fr\/accreditation-des-medias\/"]}]},{"@type":"BreadcrumbList","@id":"https:\/\/armyrun.ca\/fr\/accreditation-des-medias\/#breadcrumb","itemListElement":[{"@type":"ListItem","position":1,"name":"Accueill","item":"https:\/\/armyrun.ca\/fr\/"},{"@type":"ListItem","position":2,"name":"Formulaire d&#8217;accr\u00e9ditation des m\u00e9dias"}]},{"@type":"WebSite","@id":"https:\/\/armyrun.ca\/fr\/#website","url":"https:\/\/armyrun.ca\/fr\/","name":"Army Run","description":"Une course extraordinaire","publisher":{"@id":"https:\/\/armyrun.ca\/fr\/#organization"},"potentialAction":[{"@type":"SearchAction","target":{"@type":"EntryPoint","urlTemplate":"https:\/\/armyrun.ca\/fr\/?s={search_term_string}"},"query-input":{"@type":"PropertyValueSpecification","valueRequired":true,"valueName":"search_term_string"}}],"inLanguage":"fr-FR"},{"@type":"Organization","@id":"https:\/\/armyrun.ca\/fr\/#organization","name":"Army Run","url":"https:\/\/armyrun.ca\/fr\/","logo":{"@type":"ImageObject","inLanguage":"fr-FR","@id":"https:\/\/armyrun.ca\/fr\/#\/schema\/logo\/image\/","url":"https:\/\/armyrun.ca\/wp-content\/uploads\/2024\/02\/image_2024-Logo-armyrun.png","contentUrl":"https:\/\/armyrun.ca\/wp-content\/uploads\/2024\/02\/image_2024-Logo-armyrun.png","width":594,"height":192,"caption":"Army Run"},"image":{"@id":"https:\/\/armyrun.ca\/fr\/#\/schema\/logo\/image\/"},"sameAs":["https:\/\/www.facebook.com\/CanadaArmyRun","https:\/\/x.com\/CanadaArmyRun","https:\/\/www.instagram.com\/canadaarmyrun\/","https:\/\/www.flickr.com\/photos\/canadaarmyrun"]}]}},"_links":{"self":[{"href":"https:\/\/armyrun.ca\/fr\/wp-json\/wp\/v2\/pages\/7493","targetHints":{"allow":["GET"]}}],"collection":[{"href":"https:\/\/armyrun.ca\/fr\/wp-json\/wp\/v2\/pages"}],"about":[{"href":"https:\/\/armyrun.ca\/fr\/wp-json\/wp\/v2\/types\/page"}],"author":[{"embeddable":true,"href":"https:\/\/armyrun.ca\/fr\/wp-json\/wp\/v2\/users\/7"}],"replies":[{"embeddable":true,"href":"https:\/\/armyrun.ca\/fr\/wp-json\/wp\/v2\/comments?post=7493"}],"version-history":[{"count":0,"href":"https:\/\/armyrun.ca\/fr\/wp-json\/wp\/v2\/pages\/7493\/revisions"}],"wp:attachment":[{"href":"https:\/\/armyrun.ca\/fr\/wp-json\/wp\/v2\/media?parent=7493"}],"curies":[{"name":"wp","href":"https:\/\/api.w.org\/{rel}","templated":true}]}}