{"id":6235,"date":"2024-07-25T12:48:03","date_gmt":"2024-07-25T16:48:03","guid":{"rendered":"https:\/\/armyrun.ca\/share-your-story\/"},"modified":"2026-03-16T11:33:33","modified_gmt":"2026-03-16T15:33:33","slug":"partagez-votre-histoire-ferme","status":"publish","type":"page","link":"https:\/\/armyrun.ca\/fr\/partagez-votre-histoire-ferme\/","title":{"rendered":"Partagez votre histoire"},"content":{"rendered":"\t\t<div data-elementor-type=\"wp-page\" data-elementor-id=\"6235\" class=\"elementor elementor-6235 elementor-6223\">\n\t\t\t\t<div class=\"elementor-element elementor-element-aa741a5 e-flex e-con-boxed e-con e-parent\" data-id=\"aa741a5\" data-element_type=\"container\" data-e-type=\"container\">\n\t\t\t\t\t<div class=\"e-con-inner\">\n\t\t\t\t<div class=\"elementor-element elementor-element-97d1afe elementor-widget elementor-widget-heading\" data-id=\"97d1afe\" data-element_type=\"widget\" data-e-type=\"widget\" data-widget_type=\"heading.default\">\n\t\t\t\t<div class=\"elementor-widget-container\">\n\t\t\t\t\t<h2 class=\"elementor-heading-title elementor-size-default\">Ce sont les gens qui rendent la Course de l'Arm\u00e9e du Canada extraordinaire,<br> et nous aimons entendre et faire conna\u00eetre vos histoires.<\/h2>\t\t\t\t<\/div>\n\t\t\t\t<\/div>\n\t\t\t\t<div class=\"elementor-element elementor-element-d204006 elementor-widget elementor-widget-text-editor\" data-id=\"d204006\" data-element_type=\"widget\" data-e-type=\"widget\" data-widget_type=\"text-editor.default\">\n\t\t\t\t<div class=\"elementor-widget-container\">\n\t\t\t\t\t\t\t\t\t<p>Nos rubriques <a href=\"https:\/\/armyrun.ca\/fr\/categorie-de-soumissions\/allee-du-souvenir\/\">All\u00e9e du Souvenir<\/a> et <a href=\"https:\/\/armyrun.ca\/fr\/categorie-de-soumissions\/histoires-des-plaques-didentite\/\">Histoires de plaques d&rsquo;identit\u00e9<\/a> vous donnent l&rsquo;occasion de partager vos histoires et vos photos. Bien que vous puissiez soumettre vos Histoires de plaques d&rsquo;identit\u00e9 tout au long de l&rsquo;ann\u00e9e, les soumissions de l\u2019All\u00e9e du Souvenir ne sont accept\u00e9es qu&rsquo;\u00e0 un certain moment avant l&rsquo;activit\u00e9 de chaque ann\u00e9e et sont r\u00e9serv\u00e9es aux participants inscrits. Les soumissions pour l\u2019All\u00e9e du Souvenir seront possibles lorsque les formulaires de soumission appara\u00eetront ci-dessous, accompagn\u00e9s d&rsquo;instructions sur la mani\u00e8re de rendre hommage \u00e0 vos proches.<\/p>\t\t\t\t\t\t\t\t<\/div>\n\t\t\t\t<\/div>\n\t\t\t\t\t<\/div>\n\t\t\t\t<\/div>\n\t\t<div class=\"elementor-element elementor-element-65d18d0 e-grid e-con-full e-con e-parent\" data-id=\"65d18d0\" data-element_type=\"container\" data-e-type=\"container\">\n\t\t\t\t<div class=\"elementor-element elementor-element-8855e5e elementor-align-center elementor-mobile-align-center elementor-widget elementor-widget-button\" data-id=\"8855e5e\" data-element_type=\"widget\" data-e-type=\"widget\" data-settings=\"{&quot;_animation&quot;:&quot;none&quot;}\" data-widget_type=\"button.default\">\n\t\t\t\t<div class=\"elementor-widget-container\">\n\t\t\t\t\t\t\t\t\t<div class=\"elementor-button-wrapper\">\n\t\t\t\t\t<a class=\"elementor-button elementor-button-link elementor-size-sm elementor-animation-wobble-vertical\" href=\"#nouvelles-soumissions\">\n\t\t\t\t\t\t<span class=\"elementor-button-content-wrapper\">\n\t\t\t\t\t\t<span class=\"elementor-button-icon\">\n\t\t\t\t<svg aria-hidden=\"true\" class=\"e-font-icon-svg e-fas-angle-down\" viewBox=\"0 0 320 512\" xmlns=\"http:\/\/www.w3.org\/2000\/svg\"><path d=\"M143 352.3L7 216.3c-9.4-9.4-9.4-24.6 0-33.9l22.6-22.6c9.4-9.4 24.6-9.4 33.9 0l96.4 96.4 96.4-96.4c9.4-9.4 24.6-9.4 33.9 0l22.6 22.6c9.4 9.4 9.4 24.6 0 33.9l-136 136c-9.2 9.4-24.4 9.4-33.8 0z\"><\/path><\/svg>\t\t\t<\/span>\n\t\t\t\t\t\t\t\t\t<span class=\"elementor-button-text\">Nouvelles soumissions<br> l'all\u00e9e du souvenir<\/span>\n\t\t\t\t\t<\/span>\n\t\t\t\t\t<\/a>\n\t\t\t\t<\/div>\n\t\t\t\t\t\t\t\t<\/div>\n\t\t\t\t<\/div>\n\t\t\t\t<div class=\"elementor-element elementor-element-e84ff3c elementor-align-center elementor-mobile-align-center elementor-widget elementor-widget-button\" data-id=\"e84ff3c\" data-element_type=\"widget\" data-e-type=\"widget\" data-settings=\"{&quot;_animation&quot;:&quot;none&quot;}\" data-widget_type=\"button.default\">\n\t\t\t\t<div class=\"elementor-widget-container\">\n\t\t\t\t\t\t\t\t\t<div class=\"elementor-button-wrapper\">\n\t\t\t\t\t<a class=\"elementor-button elementor-button-link elementor-size-sm elementor-animation-wobble-vertical\" href=\"#retour-soumissions\">\n\t\t\t\t\t\t<span class=\"elementor-button-content-wrapper\">\n\t\t\t\t\t\t<span class=\"elementor-button-icon\">\n\t\t\t\t<svg aria-hidden=\"true\" class=\"e-font-icon-svg e-fas-angle-down\" viewBox=\"0 0 320 512\" xmlns=\"http:\/\/www.w3.org\/2000\/svg\"><path d=\"M143 352.3L7 216.3c-9.4-9.4-9.4-24.6 0-33.9l22.6-22.6c9.4-9.4 24.6-9.4 33.9 0l96.4 96.4 96.4-96.4c9.4-9.4 24.6-9.4 33.9 0l22.6 22.6c9.4 9.4 9.4 24.6 0 33.9l-136 136c-9.2 9.4-24.4 9.4-33.8 0z\"><\/path><\/svg>\t\t\t<\/span>\n\t\t\t\t\t\t\t\t\t<span class=\"elementor-button-text\">Soumissions renouvel\u00e9es<br> l'all\u00e9e du souvenir<\/span>\n\t\t\t\t\t<\/span>\n\t\t\t\t\t<\/a>\n\t\t\t\t<\/div>\n\t\t\t\t\t\t\t\t<\/div>\n\t\t\t\t<\/div>\n\t\t\t\t<div class=\"elementor-element elementor-element-a2181d8 elementor-align-center elementor-mobile-align-center elementor-widget elementor-widget-button\" data-id=\"a2181d8\" data-element_type=\"widget\" data-e-type=\"widget\" data-settings=\"{&quot;_animation&quot;:&quot;none&quot;}\" data-widget_type=\"button.default\">\n\t\t\t\t<div class=\"elementor-widget-container\">\n\t\t\t\t\t\t\t\t\t<div class=\"elementor-button-wrapper\">\n\t\t\t\t\t<a class=\"elementor-button elementor-button-link elementor-size-sm elementor-animation-wobble-vertical\" href=\"#des-plaques-soumissions\">\n\t\t\t\t\t\t<span class=\"elementor-button-content-wrapper\">\n\t\t\t\t\t\t<span class=\"elementor-button-icon\">\n\t\t\t\t<svg aria-hidden=\"true\" class=\"e-font-icon-svg e-fas-angle-down\" viewBox=\"0 0 320 512\" xmlns=\"http:\/\/www.w3.org\/2000\/svg\"><path d=\"M143 352.3L7 216.3c-9.4-9.4-9.4-24.6 0-33.9l22.6-22.6c9.4-9.4 24.6-9.4 33.9 0l96.4 96.4 96.4-96.4c9.4-9.4 24.6-9.4 33.9 0l22.6 22.6c9.4 9.4 9.4 24.6 0 33.9l-136 136c-9.2 9.4-24.4 9.4-33.8 0z\"><\/path><\/svg>\t\t\t<\/span>\n\t\t\t\t\t\t\t\t\t<span class=\"elementor-button-text\">Soumissions<br> Histoires des plaques d\u2019identit\u00e9<\/span>\n\t\t\t\t\t<\/span>\n\t\t\t\t\t<\/a>\n\t\t\t\t<\/div>\n\t\t\t\t\t\t\t\t<\/div>\n\t\t\t\t<\/div>\n\t\t\t\t<\/div>\n\t\t<div class=\"elementor-element elementor-element-cbc1c5a e-flex e-con-boxed e-con e-parent\" data-id=\"cbc1c5a\" data-element_type=\"container\" data-e-type=\"container\">\n\t\t\t\t\t<div class=\"e-con-inner\">\n\t\t\t\t<div class=\"elementor-element elementor-element-9b92f8f elementor-widget elementor-widget-text-editor\" data-id=\"9b92f8f\" data-element_type=\"widget\" data-e-type=\"widget\" data-widget_type=\"text-editor.default\">\n\t\t\t\t<div class=\"elementor-widget-container\">\n\t\t\t\t\t\t\t\t\t<h2 class=\"wp-block-heading\">All\u00e9e du souvenir<\/h2><div><p>On a lanc\u00e9 en 2017 l\u2019All\u00e9e du souvenir\u00a0\u2013 une section \u00e9mouvant du parcours orn\u00e9e de photographes d&rsquo;anciens combattants d\u00e9c\u00e9d\u00e9s pour rendre hommage \u00e0 nos \u00eatres chers qui ont servi.<\/p><p><b>PARTAGEZ UNE HISTOIRE :<br \/><\/b>Gr\u00e2ce \u00e0 notre plateforme virtuelle, l&rsquo;All\u00e9e du souvenir est devenu bien plus que de simples images. Nous vous encourageons \u00e0 raconter l&rsquo;histoire de l&rsquo;ancien combattant que vous avez d\u00e9sign\u00e9, qui s&rsquo;affichera lorsque vous cliquerez sur son image. Montrez aux autres pourquoi ils sont si importants pour vous et inspirez les autres par votre message!<\/p><\/div>\t\t\t\t\t\t\t\t<\/div>\n\t\t\t\t<\/div>\n\t\t\t\t\t<\/div>\n\t\t\t\t<\/div>\n\t\t<div class=\"elementor-element elementor-element-f58feee e-flex e-con-boxed e-con e-parent\" data-id=\"f58feee\" data-element_type=\"container\" data-e-type=\"container\">\n\t\t\t\t\t<div class=\"e-con-inner\">\n\t\t<div class=\"elementor-element elementor-element-2a13b2c e-con-full e-flex e-con e-child\" data-id=\"2a13b2c\" data-element_type=\"container\" data-e-type=\"container\">\n\t\t\t\t<div class=\"elementor-element elementor-element-36b54e8 elementor-button-danger elementor-align-center elementor-widget elementor-widget-button\" data-id=\"36b54e8\" data-element_type=\"widget\" data-e-type=\"widget\" data-widget_type=\"button.default\">\n\t\t\t\t<div class=\"elementor-widget-container\">\n\t\t\t\t\t\t\t\t\t<div class=\"elementor-button-wrapper\">\n\t\t\t\t\t<a class=\"elementor-button elementor-button-link elementor-size-sm\" href=\"#\">\n\t\t\t\t\t\t<span class=\"elementor-button-content-wrapper\">\n\t\t\t\t\t\t\t\t\t<span class=\"elementor-button-text\">LES SOUMISSIONS POUR ALL\u00c9E DU SOUVENIR SONT CL\u00d4TUR\u00c9ES POUR 2026.<\/span>\n\t\t\t\t\t<\/span>\n\t\t\t\t\t<\/a>\n\t\t\t\t<\/div>\n\t\t\t\t\t\t\t\t<\/div>\n\t\t\t\t<\/div>\n\t\t\t\t<div class=\"elementor-element elementor-element-035ddf2 elementor-widget elementor-widget-menu-anchor\" data-id=\"035ddf2\" data-element_type=\"widget\" data-e-type=\"widget\" data-widget_type=\"menu-anchor.default\">\n\t\t\t\t<div class=\"elementor-widget-container\">\n\t\t\t\t\t\t\t<div class=\"elementor-menu-anchor\" id=\"nouvelles-soumissions\"><\/div>\n\t\t\t\t\t\t<\/div>\n\t\t\t\t<\/div>\n\t\t\t\t<\/div>\n\t\t\t\t<div class=\"elementor-element elementor-element-b3d94cd elementor-widget-divider--view-line elementor-widget elementor-widget-divider\" data-id=\"b3d94cd\" data-element_type=\"widget\" data-e-type=\"widget\" data-widget_type=\"divider.default\">\n\t\t\t\t<div class=\"elementor-widget-container\">\n\t\t\t\t\t\t\t<div class=\"elementor-divider\">\n\t\t\t<span class=\"elementor-divider-separator\">\n\t\t\t\t\t\t<\/span>\n\t\t<\/div>\n\t\t\t\t\t\t<\/div>\n\t\t\t\t<\/div>\n\t\t\t\t\t<\/div>\n\t\t\t\t<\/div>\n\t\t<div class=\"elementor-element elementor-element-34edb91 e-flex e-con-boxed e-con e-parent\" data-id=\"34edb91\" data-element_type=\"container\" data-e-type=\"container\">\n\t\t\t\t\t<div class=\"e-con-inner\">\n\t\t\t\t<div class=\"elementor-element elementor-element-8f9a518 elementor-widget elementor-widget-text-editor\" data-id=\"8f9a518\" data-element_type=\"widget\" data-e-type=\"widget\" data-widget_type=\"text-editor.default\">\n\t\t\t\t<div class=\"elementor-widget-container\">\n\t\t\t\t\t\t\t\t\t<h2 class=\"wp-block-heading\">All\u00e9e du souvenir<br \/>* Soumissions de retour *<\/h2><p><span class=\"ui-provider a b c d e f g h i j k l m n o p q r s t u v w x y z ab ac ae af ag ah ai aj ak\" dir=\"ltr\">Si vous avez un panneau ou une soumission virtuelle que vous demandez pour 2026, veuillez utiliser le formulaire suivant \u00ab All\u00e9e du souvenir (soumissions de retour)\u00bb<\/span><\/p><p>Ce formulaire ne concerne que les soumissions des ann\u00e9es pr\u00e9c\u00e9dentes. Si vous demandez une nouvelle soumission qui n&rsquo;a pas fait partie des \u00e9v\u00e9nements pr\u00e9c\u00e9dents, veuillez utiliser le formulaire sup\u00e9rieur \u00ab All\u00e9e du souvenir (soumissions nouvelles) \u00bb.<\/p>\t\t\t\t\t\t\t\t<\/div>\n\t\t\t\t<\/div>\n\t\t<div class=\"elementor-element elementor-element-de181c2 e-con-full e-flex e-con e-child\" data-id=\"de181c2\" data-element_type=\"container\" data-e-type=\"container\">\n\t\t\t\t<div class=\"elementor-element elementor-element-322150f elementor-button-danger elementor-align-center elementor-widget elementor-widget-button\" data-id=\"322150f\" data-element_type=\"widget\" data-e-type=\"widget\" data-widget_type=\"button.default\">\n\t\t\t\t<div class=\"elementor-widget-container\">\n\t\t\t\t\t\t\t\t\t<div class=\"elementor-button-wrapper\">\n\t\t\t\t\t<a class=\"elementor-button elementor-button-link elementor-size-sm\" href=\"#\">\n\t\t\t\t\t\t<span class=\"elementor-button-content-wrapper\">\n\t\t\t\t\t\t\t\t\t<span class=\"elementor-button-text\">LES SOUMISSIONS POUR ALL\u00c9E DU SOUVENIR SONT CL\u00d4TUR\u00c9ES POUR 2026.<\/span>\n\t\t\t\t\t<\/span>\n\t\t\t\t\t<\/a>\n\t\t\t\t<\/div>\n\t\t\t\t\t\t\t\t<\/div>\n\t\t\t\t<\/div>\n\t\t\t\t<\/div>\n\t\t\t\t<div class=\"elementor-element elementor-element-a438be7 elementor-widget elementor-widget-menu-anchor\" data-id=\"a438be7\" data-element_type=\"widget\" data-e-type=\"widget\" data-widget_type=\"menu-anchor.default\">\n\t\t\t\t<div class=\"elementor-widget-container\">\n\t\t\t\t\t\t\t<div class=\"elementor-menu-anchor\" id=\"retour-soumissions\"><\/div>\n\t\t\t\t\t\t<\/div>\n\t\t\t\t<\/div>\n\t\t\t\t<div class=\"elementor-element elementor-element-aebb36d elementor-widget-divider--view-line elementor-widget elementor-widget-divider\" data-id=\"aebb36d\" data-element_type=\"widget\" data-e-type=\"widget\" data-widget_type=\"divider.default\">\n\t\t\t\t<div class=\"elementor-widget-container\">\n\t\t\t\t\t\t\t<div class=\"elementor-divider\">\n\t\t\t<span class=\"elementor-divider-separator\">\n\t\t\t\t\t\t<\/span>\n\t\t<\/div>\n\t\t\t\t\t\t<\/div>\n\t\t\t\t<\/div>\n\t\t\t\t\t<\/div>\n\t\t\t\t<\/div>\n\t\t<div class=\"elementor-element elementor-element-7ceacb1 e-flex e-con-boxed e-con e-parent\" data-id=\"7ceacb1\" data-element_type=\"container\" data-e-type=\"container\">\n\t\t\t\t\t<div class=\"e-con-inner\">\n\t\t<div class=\"elementor-element elementor-element-94153e8 e-con-full e-flex e-con e-child\" data-id=\"94153e8\" data-element_type=\"container\" data-e-type=\"container\">\n\t\t\t\t<div class=\"elementor-element elementor-element-0e7d4f5 elementor-widget elementor-widget-text-editor\" data-id=\"0e7d4f5\" data-element_type=\"widget\" data-e-type=\"widget\" data-widget_type=\"text-editor.default\">\n\t\t\t\t<div class=\"elementor-widget-container\">\n\t\t\t\t\t\t\t\t\t<h2 class=\"wp-block-heading\">Histoires des plaques d&rsquo;identit\u00e9<\/h2><p>Chez la Course de l&rsquo;Arm\u00e9e du Canada, nous sommes honor\u00e9s de partager l&rsquo;Arm\u00e9e canadienne et la culture militaire avec vous, les participants. L&rsquo;une de nos fa\u00e7ons pr\u00e9f\u00e9r\u00e9es d&rsquo;y parvenir est d&rsquo;attribuer \u00e0 tous les finisseurs des m\u00e9dailles de style \u00ab plaque d&rsquo;identit\u00e9 \u00bb, qui ressemblent \u00e9troitement aux plaques d&rsquo;identification des membres des Forces arm\u00e9es canadiennes (FAC).<\/p><p>Nous avons entendu d&rsquo;innombrables histoires de finisseurs au fil des ans sur ce que cette m\u00e9daille symbolique signifie pour eux. Qu&rsquo;il s&rsquo;agisse de repr\u00e9senter un membre de ta famille, de vous maintenir en contact avec la communaut\u00e9 des FAC ou de vous pousser \u00e0 continuer votre propre entra\u00eenement &#8211; ces histoires aident \u00e0 d\u00e9finir notre culture de participant et font de nous Une Course Extraordinaire.<\/p><p>Nous serions ravis d&rsquo;entendre vos histoires des plaques d&rsquo;identit\u00e9 et nous vous invitons \u00e0 partager ce que notre m\u00e9daille repr\u00e9sente pour vous sur ce site Web.<\/p><p><b>INFORMATION IMPORTANTE :<\/b><\/p><ul><li>Une fois soumise et examin\u00e9e par le personnel de la Course de l&rsquo;Arm\u00e9e du Canada, votre histoire sera affich\u00e9e sur cette page Web.<\/li><li>Vous devez partager une image avec votre histoire, qui sera visible publiquement (doit \u00eatre .jpeg ou .png, taille de fichier max 2 Mo).<\/li><li>Vous pouvez nous faire savoir si vous \u00eates int\u00e9ress\u00e9 \u00e0 \u00eatre interview\u00e9 pour partager votre histoire en vid\u00e9o. Un certain nombre de candidats seront contact\u00e9s ult\u00e9rieurement.<\/li><li>Les histoires peuvent \u00eatre partag\u00e9es sur nos pages de m\u00e9dias sociaux ou dans de futurs courriels, alors que nous visons \u00e0 inspirer les autres \u00e0 trouver un nouveau sens \u00e0 la Course de l&rsquo;Arm\u00e9e du Canada.<\/li><\/ul>\t\t\t\t\t\t\t\t<\/div>\n\t\t\t\t<\/div>\n\t\t\t\t<div class=\"elementor-element elementor-element-4cd7339 elementor-widget elementor-widget-menu-anchor\" data-id=\"4cd7339\" data-element_type=\"widget\" data-e-type=\"widget\" data-widget_type=\"menu-anchor.default\">\n\t\t\t\t<div class=\"elementor-widget-container\">\n\t\t\t\t\t\t\t<div class=\"elementor-menu-anchor\" id=\"des-plaques-soumissions\"><\/div>\n\t\t\t\t\t\t<\/div>\n\t\t\t\t<\/div>\n\t\t\t\t<div class=\"elementor-element elementor-element-b6c57e0 elementor-widget elementor-widget-html\" data-id=\"b6c57e0\" data-element_type=\"widget\" data-e-type=\"widget\" data-widget_type=\"html.default\">\n\t\t\t\t<div class=\"elementor-widget-container\">\n\t\t\t\t\t\n    <iframe\n      id=\"JotFormIFrame-251954964511261\"\n      title=\"Form d\u2019Histoires des plaques d'identit\u00e9\"\n      onload=\"window.parent.scrollTo(0,0)\"\n      allowtransparency=\"true\"\n      allow=\"geolocation; microphone; camera; fullscreen; payment\"\n      src=\"https:\/\/form.jotform.com\/251954964511261\"\n      frameborder=\"0\"\n      style=\"min-width:100%;max-width:100%;height:539px;border:none;\"\n      scrolling=\"yes\"\n    >\n    <\/iframe>\n    <script src='https:\/\/cdn.jotfor.ms\/s\/umd\/latest\/for-form-embed-handler.js'><\/script>\n    <script>window.jotformEmbedHandler(\"iframe[id='JotFormIFrame-251954964511261']\", \"https:\/\/form.jotform.com\/\")<\/script>\n    \t\t\t\t<\/div>\n\t\t\t\t<\/div>\n\t\t<div class=\"elementor-element elementor-element-3456ee9 e-con-full e-flex e-con e-child\" data-id=\"3456ee9\" data-element_type=\"container\" data-e-type=\"container\">\n\t\t\t\t<div class=\"elementor-element elementor-element-96dcdee elementor-widget-divider--view-line elementor-widget elementor-widget-divider\" data-id=\"96dcdee\" data-element_type=\"widget\" data-e-type=\"widget\" data-widget_type=\"divider.default\">\n\t\t\t\t<div class=\"elementor-widget-container\">\n\t\t\t\t\t\t\t<div class=\"elementor-divider\">\n\t\t\t<span class=\"elementor-divider-separator\">\n\t\t\t\t\t\t<\/span>\n\t\t<\/div>\n\t\t\t\t\t\t<\/div>\n\t\t\t\t<\/div>\n\t\t\t\t<\/div>\n\t\t\t\t<\/div>\n\t\t\t\t\t<\/div>\n\t\t\t\t<\/div>\n\t\t\t\t<\/div>\n\t\t","protected":false},"excerpt":{"rendered":"<p>Ce sont les gens qui rendent la Course de l&rsquo;Arm\u00e9e du Canada extraordinaire, et nous aimons entendre et faire conna\u00eetre vos histoires. Nos rubriques All\u00e9e du Souvenir et Histoires de plaques d&rsquo;identit\u00e9 vous donnent l&rsquo;occasion de partager vos histoires et vos photos. Bien que vous puissiez soumettre vos Histoires de plaques d&rsquo;identit\u00e9 tout au long [&hellip;]<\/p>\n","protected":false},"author":7,"featured_media":0,"parent":0,"menu_order":0,"comment_status":"closed","ping_status":"closed","template":"","meta":{"inline_featured_image":false,"_monsterinsights_skip_tracking":false,"_monsterinsights_sitenote_active":false,"_monsterinsights_sitenote_note":"","_monsterinsights_sitenote_category":0,"footnotes":""},"class_list":["post-6235","page","type-page","status-publish","hentry"],"yoast_head":"<!-- This site is optimized with the Yoast SEO Premium plugin v27.3 (Yoast SEO v27.3) - https:\/\/yoast.com\/product\/yoast-seo-premium-wordpress\/ -->\n<title>Partagez votre histoire - Course de l&#039;Arm\u00e9e<\/title>\n<meta name=\"description\" content=\"Les soumissions de l\u2019All\u00e9e du Souvenir ne sont ouvertes qu\u2019\u00e0 un certain moment avant l\u2019\u00e9v\u00e9nement de chaque ann\u00e9e et\" \/>\n<meta name=\"robots\" content=\"index, follow, max-snippet:-1, max-image-preview:large, max-video-preview:-1\" \/>\n<link rel=\"canonical\" href=\"https:\/\/armyrun.ca\/fr\/partagez-votre-histoire-ferme\/\" \/>\n<meta property=\"og:locale\" content=\"fr_FR\" \/>\n<meta property=\"og:type\" content=\"article\" \/>\n<meta property=\"og:title\" content=\"Partagez votre histoire\" \/>\n<meta property=\"og:description\" content=\"Les soumissions de l\u2019All\u00e9e du Souvenir ne sont ouvertes qu\u2019\u00e0 un certain moment avant l\u2019\u00e9v\u00e9nement de chaque ann\u00e9e et\" \/>\n<meta property=\"og:url\" content=\"https:\/\/armyrun.ca\/fr\/partagez-votre-histoire-ferme\/\" \/>\n<meta property=\"og:site_name\" content=\"Course de l&#039;Arm\u00e9e\" \/>\n<meta property=\"article:publisher\" content=\"https:\/\/www.facebook.com\/CanadaArmyRun\" \/>\n<meta property=\"article:modified_time\" content=\"2026-03-16T15:33:33+00:00\" \/>\n<meta name=\"twitter:card\" content=\"summary_large_image\" \/>\n<meta name=\"twitter:site\" content=\"@CanadaArmyRun\" \/>\n<meta name=\"twitter:label1\" content=\"Dur\u00e9e de lecture estim\u00e9e\" \/>\n\t<meta name=\"twitter:data1\" content=\"3 minutes\" \/>\n<script type=\"application\/ld+json\" class=\"yoast-schema-graph\">{\"@context\":\"https:\\\/\\\/schema.org\",\"@graph\":[{\"@type\":\"WebPage\",\"@id\":\"https:\\\/\\\/armyrun.ca\\\/fr\\\/partagez-votre-histoire-ferme\\\/\",\"url\":\"https:\\\/\\\/armyrun.ca\\\/fr\\\/partagez-votre-histoire-ferme\\\/\",\"name\":\"Partagez votre histoire - Course de l&#039;Arm\u00e9e\",\"isPartOf\":{\"@id\":\"https:\\\/\\\/armyrun.ca\\\/fr\\\/#website\"},\"datePublished\":\"2024-07-25T16:48:03+00:00\",\"dateModified\":\"2026-03-16T15:33:33+00:00\",\"description\":\"Les soumissions de l\u2019All\u00e9e du Souvenir ne sont ouvertes qu\u2019\u00e0 un certain moment avant l\u2019\u00e9v\u00e9nement de chaque ann\u00e9e et\",\"breadcrumb\":{\"@id\":\"https:\\\/\\\/armyrun.ca\\\/fr\\\/partagez-votre-histoire-ferme\\\/#breadcrumb\"},\"inLanguage\":\"fr-FR\",\"potentialAction\":[{\"@type\":\"ReadAction\",\"target\":[\"https:\\\/\\\/armyrun.ca\\\/fr\\\/partagez-votre-histoire-ferme\\\/\"]}]},{\"@type\":\"BreadcrumbList\",\"@id\":\"https:\\\/\\\/armyrun.ca\\\/fr\\\/partagez-votre-histoire-ferme\\\/#breadcrumb\",\"itemListElement\":[{\"@type\":\"ListItem\",\"position\":1,\"name\":\"Accueill\",\"item\":\"https:\\\/\\\/armyrun.ca\\\/fr\\\/\"},{\"@type\":\"ListItem\",\"position\":2,\"name\":\"Partagez votre histoire\"}]},{\"@type\":\"WebSite\",\"@id\":\"https:\\\/\\\/armyrun.ca\\\/fr\\\/#website\",\"url\":\"https:\\\/\\\/armyrun.ca\\\/fr\\\/\",\"name\":\"Army Run\",\"description\":\"Une course extraordinaire\",\"publisher\":{\"@id\":\"https:\\\/\\\/armyrun.ca\\\/fr\\\/#organization\"},\"potentialAction\":[{\"@type\":\"SearchAction\",\"target\":{\"@type\":\"EntryPoint\",\"urlTemplate\":\"https:\\\/\\\/armyrun.ca\\\/fr\\\/?s={search_term_string}\"},\"query-input\":{\"@type\":\"PropertyValueSpecification\",\"valueRequired\":true,\"valueName\":\"search_term_string\"}}],\"inLanguage\":\"fr-FR\"},{\"@type\":\"Organization\",\"@id\":\"https:\\\/\\\/armyrun.ca\\\/fr\\\/#organization\",\"name\":\"Army Run\",\"url\":\"https:\\\/\\\/armyrun.ca\\\/fr\\\/\",\"logo\":{\"@type\":\"ImageObject\",\"inLanguage\":\"fr-FR\",\"@id\":\"https:\\\/\\\/armyrun.ca\\\/fr\\\/#\\\/schema\\\/logo\\\/image\\\/\",\"url\":\"https:\\\/\\\/armyrun.ca\\\/wp-content\\\/uploads\\\/2024\\\/02\\\/image_2024-Logo-armyrun.png\",\"contentUrl\":\"https:\\\/\\\/armyrun.ca\\\/wp-content\\\/uploads\\\/2024\\\/02\\\/image_2024-Logo-armyrun.png\",\"width\":594,\"height\":192,\"caption\":\"Army Run\"},\"image\":{\"@id\":\"https:\\\/\\\/armyrun.ca\\\/fr\\\/#\\\/schema\\\/logo\\\/image\\\/\"},\"sameAs\":[\"https:\\\/\\\/www.facebook.com\\\/CanadaArmyRun\",\"https:\\\/\\\/x.com\\\/CanadaArmyRun\",\"https:\\\/\\\/www.instagram.com\\\/canadaarmyrun\\\/\",\"https:\\\/\\\/www.flickr.com\\\/photos\\\/canadaarmyrun\"]}]}<\/script>\n<!-- \/ Yoast SEO Premium plugin. -->","yoast_head_json":{"title":"Partagez votre histoire - Course de l&#039;Arm\u00e9e","description":"Les soumissions de l\u2019All\u00e9e du Souvenir ne sont ouvertes qu\u2019\u00e0 un certain moment avant l\u2019\u00e9v\u00e9nement de chaque ann\u00e9e et","robots":{"index":"index","follow":"follow","max-snippet":"max-snippet:-1","max-image-preview":"max-image-preview:large","max-video-preview":"max-video-preview:-1"},"canonical":"https:\/\/armyrun.ca\/fr\/partagez-votre-histoire-ferme\/","og_locale":"fr_FR","og_type":"article","og_title":"Partagez votre histoire","og_description":"Les soumissions de l\u2019All\u00e9e du Souvenir ne sont ouvertes qu\u2019\u00e0 un certain moment avant l\u2019\u00e9v\u00e9nement de chaque ann\u00e9e et","og_url":"https:\/\/armyrun.ca\/fr\/partagez-votre-histoire-ferme\/","og_site_name":"Course de l&#039;Arm\u00e9e","article_publisher":"https:\/\/www.facebook.com\/CanadaArmyRun","article_modified_time":"2026-03-16T15:33:33+00:00","twitter_card":"summary_large_image","twitter_site":"@CanadaArmyRun","twitter_misc":{"Dur\u00e9e de lecture estim\u00e9e":"3 minutes"},"schema":{"@context":"https:\/\/schema.org","@graph":[{"@type":"WebPage","@id":"https:\/\/armyrun.ca\/fr\/partagez-votre-histoire-ferme\/","url":"https:\/\/armyrun.ca\/fr\/partagez-votre-histoire-ferme\/","name":"Partagez votre histoire - Course de l&#039;Arm\u00e9e","isPartOf":{"@id":"https:\/\/armyrun.ca\/fr\/#website"},"datePublished":"2024-07-25T16:48:03+00:00","dateModified":"2026-03-16T15:33:33+00:00","description":"Les soumissions de l\u2019All\u00e9e du Souvenir ne sont ouvertes qu\u2019\u00e0 un certain moment avant l\u2019\u00e9v\u00e9nement de chaque ann\u00e9e et","breadcrumb":{"@id":"https:\/\/armyrun.ca\/fr\/partagez-votre-histoire-ferme\/#breadcrumb"},"inLanguage":"fr-FR","potentialAction":[{"@type":"ReadAction","target":["https:\/\/armyrun.ca\/fr\/partagez-votre-histoire-ferme\/"]}]},{"@type":"BreadcrumbList","@id":"https:\/\/armyrun.ca\/fr\/partagez-votre-histoire-ferme\/#breadcrumb","itemListElement":[{"@type":"ListItem","position":1,"name":"Accueill","item":"https:\/\/armyrun.ca\/fr\/"},{"@type":"ListItem","position":2,"name":"Partagez votre histoire"}]},{"@type":"WebSite","@id":"https:\/\/armyrun.ca\/fr\/#website","url":"https:\/\/armyrun.ca\/fr\/","name":"Army Run","description":"Une course extraordinaire","publisher":{"@id":"https:\/\/armyrun.ca\/fr\/#organization"},"potentialAction":[{"@type":"SearchAction","target":{"@type":"EntryPoint","urlTemplate":"https:\/\/armyrun.ca\/fr\/?s={search_term_string}"},"query-input":{"@type":"PropertyValueSpecification","valueRequired":true,"valueName":"search_term_string"}}],"inLanguage":"fr-FR"},{"@type":"Organization","@id":"https:\/\/armyrun.ca\/fr\/#organization","name":"Army Run","url":"https:\/\/armyrun.ca\/fr\/","logo":{"@type":"ImageObject","inLanguage":"fr-FR","@id":"https:\/\/armyrun.ca\/fr\/#\/schema\/logo\/image\/","url":"https:\/\/armyrun.ca\/wp-content\/uploads\/2024\/02\/image_2024-Logo-armyrun.png","contentUrl":"https:\/\/armyrun.ca\/wp-content\/uploads\/2024\/02\/image_2024-Logo-armyrun.png","width":594,"height":192,"caption":"Army Run"},"image":{"@id":"https:\/\/armyrun.ca\/fr\/#\/schema\/logo\/image\/"},"sameAs":["https:\/\/www.facebook.com\/CanadaArmyRun","https:\/\/x.com\/CanadaArmyRun","https:\/\/www.instagram.com\/canadaarmyrun\/","https:\/\/www.flickr.com\/photos\/canadaarmyrun"]}]}},"_links":{"self":[{"href":"https:\/\/armyrun.ca\/fr\/wp-json\/wp\/v2\/pages\/6235","targetHints":{"allow":["GET"]}}],"collection":[{"href":"https:\/\/armyrun.ca\/fr\/wp-json\/wp\/v2\/pages"}],"about":[{"href":"https:\/\/armyrun.ca\/fr\/wp-json\/wp\/v2\/types\/page"}],"author":[{"embeddable":true,"href":"https:\/\/armyrun.ca\/fr\/wp-json\/wp\/v2\/users\/7"}],"replies":[{"embeddable":true,"href":"https:\/\/armyrun.ca\/fr\/wp-json\/wp\/v2\/comments?post=6235"}],"version-history":[{"count":6,"href":"https:\/\/armyrun.ca\/fr\/wp-json\/wp\/v2\/pages\/6235\/revisions"}],"predecessor-version":[{"id":10536,"href":"https:\/\/armyrun.ca\/fr\/wp-json\/wp\/v2\/pages\/6235\/revisions\/10536"}],"wp:attachment":[{"href":"https:\/\/armyrun.ca\/fr\/wp-json\/wp\/v2\/media?parent=6235"}],"curies":[{"name":"wp","href":"https:\/\/api.w.org\/{rel}","templated":true}]}}