{"id":457,"date":"2020-12-10T13:57:20","date_gmt":"2020-12-10T18:57:20","guid":{"rendered":"http:\/\/armyrun.ca\/fundraising\/about-support-our-troops\/"},"modified":"2023-05-15T14:49:14","modified_gmt":"2023-05-15T18:49:14","slug":"a-propos-appuyons-nos-troupes","status":"publish","type":"page","link":"https:\/\/armyrun.ca\/fr\/a-propos-appuyons-nos-troupes\/","title":{"rendered":"\u00c0 propos d\u2019Appuyons nos troupes"},"content":{"rendered":"","protected":false},"excerpt":{"rendered":"","protected":false},"author":1,"featured_media":0,"parent":0,"menu_order":1,"comment_status":"closed","ping_status":"closed","template":"","meta":{"inline_featured_image":false,"_monsterinsights_skip_tracking":false,"_monsterinsights_sitenote_active":false,"_monsterinsights_sitenote_note":"","_monsterinsights_sitenote_category":0,"footnotes":""},"class_list":["post-457","page","type-page","status-publish","hentry"],"yoast_head":"<!-- This site is optimized with the Yoast SEO Premium plugin v27.3 (Yoast SEO v27.3) - https:\/\/yoast.com\/product\/yoast-seo-premium-wordpress\/ -->\n<title>\u00c0 propos d\u2019Appuyons nos troupes - Course de l&#039;Arm\u00e9e<\/title>\n<meta name=\"description\" content=\"Appuyons nos troupes r\u00e9pond aux besoins particuliers des membres de la communaut\u00e9 des Forces arm\u00e9es canadiennes d\u00e9coulant de leur service d\u00e9vou\u00e9 envers le Canada et la population canadienne, en plus de les aider \u00e0 surmonter les difficult\u00e9s auxquels ils sont confront\u00e9s.\" \/>\n<meta name=\"robots\" content=\"index, follow, max-snippet:-1, max-image-preview:large, max-video-preview:-1\" \/>\n<link rel=\"canonical\" href=\"https:\/\/armyrun.ca\/fr\/a-propos-appuyons-nos-troupes\/\" \/>\n<meta property=\"og:locale\" content=\"fr_FR\" \/>\n<meta property=\"og:type\" content=\"article\" \/>\n<meta property=\"og:title\" content=\"\u00c0 propos d\u2019Appuyons nos troupes\" \/>\n<meta property=\"og:description\" content=\"Appuyons nos troupes r\u00e9pond aux besoins particuliers des membres de la communaut\u00e9 des Forces arm\u00e9es canadiennes d\u00e9coulant de leur service d\u00e9vou\u00e9 envers le Canada et la population canadienne, en plus de les aider \u00e0 surmonter les difficult\u00e9s auxquels ils sont confront\u00e9s.\" \/>\n<meta property=\"og:url\" content=\"https:\/\/armyrun.ca\/fr\/a-propos-appuyons-nos-troupes\/\" \/>\n<meta property=\"og:site_name\" content=\"Course de l&#039;Arm\u00e9e\" \/>\n<meta property=\"article:publisher\" content=\"https:\/\/www.facebook.com\/CanadaArmyRun\" \/>\n<meta property=\"article:modified_time\" content=\"2023-05-15T18:49:14+00:00\" \/>\n<meta name=\"twitter:card\" content=\"summary_large_image\" \/>\n<meta name=\"twitter:site\" content=\"@CanadaArmyRun\" \/>\n<script type=\"application\/ld+json\" class=\"yoast-schema-graph\">{\"@context\":\"https:\\\/\\\/schema.org\",\"@graph\":[{\"@type\":\"WebPage\",\"@id\":\"https:\\\/\\\/armyrun.ca\\\/fr\\\/a-propos-appuyons-nos-troupes\\\/\",\"url\":\"https:\\\/\\\/armyrun.ca\\\/fr\\\/a-propos-appuyons-nos-troupes\\\/\",\"name\":\"\u00c0 propos d\u2019Appuyons nos troupes - Course de l&#039;Arm\u00e9e\",\"isPartOf\":{\"@id\":\"https:\\\/\\\/armyrun.ca\\\/fr\\\/#website\"},\"datePublished\":\"2020-12-10T18:57:20+00:00\",\"dateModified\":\"2023-05-15T18:49:14+00:00\",\"description\":\"Appuyons nos troupes r\u00e9pond aux besoins particuliers des membres de la communaut\u00e9 des Forces arm\u00e9es canadiennes d\u00e9coulant de leur service d\u00e9vou\u00e9 envers le Canada et la population canadienne, en plus de les aider \u00e0 surmonter les difficult\u00e9s auxquels ils sont confront\u00e9s.\",\"breadcrumb\":{\"@id\":\"https:\\\/\\\/armyrun.ca\\\/fr\\\/a-propos-appuyons-nos-troupes\\\/#breadcrumb\"},\"inLanguage\":\"fr-FR\",\"potentialAction\":[{\"@type\":\"ReadAction\",\"target\":[\"https:\\\/\\\/armyrun.ca\\\/fr\\\/a-propos-appuyons-nos-troupes\\\/\"]}]},{\"@type\":\"BreadcrumbList\",\"@id\":\"https:\\\/\\\/armyrun.ca\\\/fr\\\/a-propos-appuyons-nos-troupes\\\/#breadcrumb\",\"itemListElement\":[{\"@type\":\"ListItem\",\"position\":1,\"name\":\"Accueill\",\"item\":\"https:\\\/\\\/armyrun.ca\\\/fr\\\/\"},{\"@type\":\"ListItem\",\"position\":2,\"name\":\"\u00c0 propos d\u2019Appuyons nos troupes\"}]},{\"@type\":\"WebSite\",\"@id\":\"https:\\\/\\\/armyrun.ca\\\/fr\\\/#website\",\"url\":\"https:\\\/\\\/armyrun.ca\\\/fr\\\/\",\"name\":\"Army Run\",\"description\":\"Une course extraordinaire\",\"publisher\":{\"@id\":\"https:\\\/\\\/armyrun.ca\\\/fr\\\/#organization\"},\"potentialAction\":[{\"@type\":\"SearchAction\",\"target\":{\"@type\":\"EntryPoint\",\"urlTemplate\":\"https:\\\/\\\/armyrun.ca\\\/fr\\\/?s={search_term_string}\"},\"query-input\":{\"@type\":\"PropertyValueSpecification\",\"valueRequired\":true,\"valueName\":\"search_term_string\"}}],\"inLanguage\":\"fr-FR\"},{\"@type\":\"Organization\",\"@id\":\"https:\\\/\\\/armyrun.ca\\\/fr\\\/#organization\",\"name\":\"Army Run\",\"url\":\"https:\\\/\\\/armyrun.ca\\\/fr\\\/\",\"logo\":{\"@type\":\"ImageObject\",\"inLanguage\":\"fr-FR\",\"@id\":\"https:\\\/\\\/armyrun.ca\\\/fr\\\/#\\\/schema\\\/logo\\\/image\\\/\",\"url\":\"https:\\\/\\\/armyrun.ca\\\/wp-content\\\/uploads\\\/2024\\\/02\\\/image_2024-Logo-armyrun.png\",\"contentUrl\":\"https:\\\/\\\/armyrun.ca\\\/wp-content\\\/uploads\\\/2024\\\/02\\\/image_2024-Logo-armyrun.png\",\"width\":594,\"height\":192,\"caption\":\"Army Run\"},\"image\":{\"@id\":\"https:\\\/\\\/armyrun.ca\\\/fr\\\/#\\\/schema\\\/logo\\\/image\\\/\"},\"sameAs\":[\"https:\\\/\\\/www.facebook.com\\\/CanadaArmyRun\",\"https:\\\/\\\/x.com\\\/CanadaArmyRun\",\"https:\\\/\\\/www.instagram.com\\\/canadaarmyrun\\\/\",\"https:\\\/\\\/www.flickr.com\\\/photos\\\/canadaarmyrun\"]}]}<\/script>\n<!-- \/ Yoast SEO Premium plugin. -->","yoast_head_json":{"title":"\u00c0 propos d\u2019Appuyons nos troupes - Course de l&#039;Arm\u00e9e","description":"Appuyons nos troupes r\u00e9pond aux besoins particuliers des membres de la communaut\u00e9 des Forces arm\u00e9es canadiennes d\u00e9coulant de leur service d\u00e9vou\u00e9 envers le Canada et la population canadienne, en plus de les aider \u00e0 surmonter les difficult\u00e9s auxquels ils sont confront\u00e9s.","robots":{"index":"index","follow":"follow","max-snippet":"max-snippet:-1","max-image-preview":"max-image-preview:large","max-video-preview":"max-video-preview:-1"},"canonical":"https:\/\/armyrun.ca\/fr\/a-propos-appuyons-nos-troupes\/","og_locale":"fr_FR","og_type":"article","og_title":"\u00c0 propos d\u2019Appuyons nos troupes","og_description":"Appuyons nos troupes r\u00e9pond aux besoins particuliers des membres de la communaut\u00e9 des Forces arm\u00e9es canadiennes d\u00e9coulant de leur service d\u00e9vou\u00e9 envers le Canada et la population canadienne, en plus de les aider \u00e0 surmonter les difficult\u00e9s auxquels ils sont confront\u00e9s.","og_url":"https:\/\/armyrun.ca\/fr\/a-propos-appuyons-nos-troupes\/","og_site_name":"Course de l&#039;Arm\u00e9e","article_publisher":"https:\/\/www.facebook.com\/CanadaArmyRun","article_modified_time":"2023-05-15T18:49:14+00:00","twitter_card":"summary_large_image","twitter_site":"@CanadaArmyRun","schema":{"@context":"https:\/\/schema.org","@graph":[{"@type":"WebPage","@id":"https:\/\/armyrun.ca\/fr\/a-propos-appuyons-nos-troupes\/","url":"https:\/\/armyrun.ca\/fr\/a-propos-appuyons-nos-troupes\/","name":"\u00c0 propos d\u2019Appuyons nos troupes - Course de l&#039;Arm\u00e9e","isPartOf":{"@id":"https:\/\/armyrun.ca\/fr\/#website"},"datePublished":"2020-12-10T18:57:20+00:00","dateModified":"2023-05-15T18:49:14+00:00","description":"Appuyons nos troupes r\u00e9pond aux besoins particuliers des membres de la communaut\u00e9 des Forces arm\u00e9es canadiennes d\u00e9coulant de leur service d\u00e9vou\u00e9 envers le Canada et la population canadienne, en plus de les aider \u00e0 surmonter les difficult\u00e9s auxquels ils sont confront\u00e9s.","breadcrumb":{"@id":"https:\/\/armyrun.ca\/fr\/a-propos-appuyons-nos-troupes\/#breadcrumb"},"inLanguage":"fr-FR","potentialAction":[{"@type":"ReadAction","target":["https:\/\/armyrun.ca\/fr\/a-propos-appuyons-nos-troupes\/"]}]},{"@type":"BreadcrumbList","@id":"https:\/\/armyrun.ca\/fr\/a-propos-appuyons-nos-troupes\/#breadcrumb","itemListElement":[{"@type":"ListItem","position":1,"name":"Accueill","item":"https:\/\/armyrun.ca\/fr\/"},{"@type":"ListItem","position":2,"name":"\u00c0 propos d\u2019Appuyons nos troupes"}]},{"@type":"WebSite","@id":"https:\/\/armyrun.ca\/fr\/#website","url":"https:\/\/armyrun.ca\/fr\/","name":"Army Run","description":"Une course extraordinaire","publisher":{"@id":"https:\/\/armyrun.ca\/fr\/#organization"},"potentialAction":[{"@type":"SearchAction","target":{"@type":"EntryPoint","urlTemplate":"https:\/\/armyrun.ca\/fr\/?s={search_term_string}"},"query-input":{"@type":"PropertyValueSpecification","valueRequired":true,"valueName":"search_term_string"}}],"inLanguage":"fr-FR"},{"@type":"Organization","@id":"https:\/\/armyrun.ca\/fr\/#organization","name":"Army Run","url":"https:\/\/armyrun.ca\/fr\/","logo":{"@type":"ImageObject","inLanguage":"fr-FR","@id":"https:\/\/armyrun.ca\/fr\/#\/schema\/logo\/image\/","url":"https:\/\/armyrun.ca\/wp-content\/uploads\/2024\/02\/image_2024-Logo-armyrun.png","contentUrl":"https:\/\/armyrun.ca\/wp-content\/uploads\/2024\/02\/image_2024-Logo-armyrun.png","width":594,"height":192,"caption":"Army Run"},"image":{"@id":"https:\/\/armyrun.ca\/fr\/#\/schema\/logo\/image\/"},"sameAs":["https:\/\/www.facebook.com\/CanadaArmyRun","https:\/\/x.com\/CanadaArmyRun","https:\/\/www.instagram.com\/canadaarmyrun\/","https:\/\/www.flickr.com\/photos\/canadaarmyrun"]}]}},"_links":{"self":[{"href":"https:\/\/armyrun.ca\/fr\/wp-json\/wp\/v2\/pages\/457","targetHints":{"allow":["GET"]}}],"collection":[{"href":"https:\/\/armyrun.ca\/fr\/wp-json\/wp\/v2\/pages"}],"about":[{"href":"https:\/\/armyrun.ca\/fr\/wp-json\/wp\/v2\/types\/page"}],"author":[{"embeddable":true,"href":"https:\/\/armyrun.ca\/fr\/wp-json\/wp\/v2\/users\/1"}],"replies":[{"embeddable":true,"href":"https:\/\/armyrun.ca\/fr\/wp-json\/wp\/v2\/comments?post=457"}],"version-history":[{"count":0,"href":"https:\/\/armyrun.ca\/fr\/wp-json\/wp\/v2\/pages\/457\/revisions"}],"wp:attachment":[{"href":"https:\/\/armyrun.ca\/fr\/wp-json\/wp\/v2\/media?parent=457"}],"curies":[{"name":"wp","href":"https:\/\/api.w.org\/{rel}","templated":true}]}}