{"id":456,"date":"2020-12-10T15:00:10","date_gmt":"2020-12-10T20:00:10","guid":{"rendered":"http:\/\/armyrun.ca\/fundraising\/about-soldier-on\/"},"modified":"2024-09-10T17:00:25","modified_gmt":"2024-09-10T21:00:25","slug":"a-propos-de-sans-limites","status":"publish","type":"page","link":"https:\/\/armyrun.ca\/fr\/collecte-de-fonds\/a-propos-de-sans-limites\/","title":{"rendered":"\u00c0 propos de Sans limites"},"content":{"rendered":"\t\t<div data-elementor-type=\"wp-page\" data-elementor-id=\"456\" class=\"elementor elementor-456 elementor-304\">\n\t\t\t\t<div class=\"elementor-element elementor-element-4a810a2 e-flex e-con-boxed e-con e-parent\" data-id=\"4a810a2\" data-element_type=\"container\" data-e-type=\"container\">\n\t\t\t\t\t<div class=\"e-con-inner\">\n\t\t\t\t<div class=\"elementor-element elementor-element-4d9585d elementor-widget elementor-widget-slider_revolution\" data-id=\"4d9585d\" data-element_type=\"widget\" data-e-type=\"widget\" data-widget_type=\"slider_revolution.default\">\n\t\t\t\t<div class=\"elementor-widget-container\">\n\t\t\t\t\t\n\t\t<div class=\"wp-block-themepunch-revslider\">\n\t\t\t\t<p class=\"rs-p-wp-fix\"><\/p>\n\t\t\t\t<sr7-module data-alias=\"a-propos-de-sans-limites\" data-id=\"6\" id=\"SR7_6_1\" class=\"rs-ov-hidden\" data-version=\"6.7.52\">\n\t\t\t\t\t<sr7-adjuster><\/sr7-adjuster>\n\t\t\t\t\t<sr7-content>\n\t\t\t\t\t\t<sr7-slide id=\"SR7_6_1-14\" data-key=\"14\">\n\t\t\t\t\t\t\t<sr7-bg id=\"SR7_6_1-14-2\" class=\"sr7-layer\"><noscript><img decoding=\"async\" src=\"https:\/\/armyrun.ca\/wp-content\/uploads\/revslider\/website-intro-11\/image_reunite-with-friends.png\" alt=\"\" title=\"image_reunite-with-friends.png\"><\/noscript><\/sr7-bg>\n\t\t\t\t\t\t<\/sr7-slide>\n\t\t\t\t\t\t<sr7-slide id=\"SR7_6_1-15\" data-key=\"15\">\n\t\t\t\t\t\t\t<sr7-bg id=\"SR7_6_1-15-8\" class=\"sr7-layer\"><noscript><img decoding=\"async\" src=\"https:\/\/armyrun.ca\/wp-content\/uploads\/revslider\/website-intro-11\/image_2022-Army-unit-participants-1.jpg\" alt=\"\" title=\"image_2022-Army-unit-participants-1.jpg\"><\/noscript><\/sr7-bg>\n\t\t\t\t\t\t\t<sr7-txt id=\"SR7_6_1-15-2\" class=\"sr7-layer\">Une Course Extraordinaire. <br>Une Cause Extraordinaire. <\/sr7-txt>\n\t\t\t\t\t\t\t<sr7-txt id=\"SR7_6_1-15-3\" class=\"sr7-layer\">Commencez \u00e0 recueillir des fonds pour soutenir la communaut\u00e9 des Forces arm\u00e9es canadiennes d\u00e8s aujourd'hui!<\/sr7-txt>\n\t\t\t\t\t\t\t<a id=\"SR7_6_1-15-7\" class=\"sr7-layer\" href=\"https:\/\/raceroster.com\/events\/2024\/82350\/canada-army-run-2024-course-de-larmee-du-canada-2024\/fundraising-organization\/50099\" target=\"_blank\" rel=\"noopener\">DONER<\/a>\n\t\t\t\t\t\t<\/sr7-slide>\n\t\t\t\t\t\t<sr7-slide id=\"SR7_6_1-23\" data-key=\"23\">\n\t\t\t\t\t\t<\/sr7-slide>\n\t\t\t\t\t<\/sr7-content>\n\t\t\t\t\t<image_lists style=\"display:none\">\n\t\t\t\t\t\t<img data-src=\"\/\/armyrun.ca\/wp-content\/uploads\/revslider\/website-intro-11\/image_reunite-with-friends.png\" data-libid=\"4181\" data-lib=\"medialibrary\" title=\"image_reunite-with-friends.png\" width=\"0\" height=\"0\" data-dbsrc=\"Ly9hcm15cnVuLmNhL3dwLWNvbnRlbnQvdXBsb2Fkcy9yZXZzbGlkZXIvd2Vic2l0ZS1pbnRyby0xMS9pbWFnZV9yZXVuaXRlLXdpdGgtZnJpZW5kcy5wbmc=\"\/>\n\t\t\t\t\t\t<img data-src=\"\/\/armyrun.ca\/wp-content\/uploads\/revslider\/website-intro-11\/image_2022-Army-unit-participants-1.jpg\" data-libid=\"4183\" data-lib=\"medialibrary\" title=\"image_2022-Army-unit-participants-1.jpg\" width=\"0\" height=\"0\" data-dbsrc=\"Ly9hcm15cnVuLmNhL3dwLWNvbnRlbnQvdXBsb2Fkcy9yZXZzbGlkZXIvd2Vic2l0ZS1pbnRyby0xMS9pbWFnZV8yMDIyLUFybXktdW5pdC1wYXJ0aWNpcGFudHMtMS5qcGc=\"\/>\n\t\t\t\t\t<\/image_lists>\n\t\t\t\t<\/sr7-module>\n\t\t\t\t<script>\n\t\t\t\t\twindow.SR7 ??={};SR7.PMH ??={}; SR7.PMH[\"SR7_6_1\"] = {cn:100,state:false,fn: function() { if (window._tpt!==undefined && window._tpt.prepareModuleHeight !== undefined) {  _tpt.prepareModuleHeight({id:\"SR7_6_1\",el:[868,868,768,960,720],type:'standard',shdw:'0',gh:[868,868,768,960,720],gw:[1240,1240,1024,778,480],vpt:['100px&#039;,&#039;100px&#039;,&#039;100px&#039;,&#039;100px&#039;,&#039;100px'],size:{fullWidth:true, fullHeight:true},fho:',60px',mh:'0',onh:0,onw:0,bg:{color:'{\"type\":\"solid\",\"orig\":\"#000000\",\"string\":\"rgba(0, 0, 0, 1)\"}'},plType:'-1',plColor:'#FFFFFF'});   SR7.PMH[\"SR7_6_1\"].state=true;} else if(SR7.PMH[\"SR7_6_1\"].cn-->0)\tsetTimeout( SR7.PMH[\"SR7_6_1\"].fn,19);}};SR7.PMH[\"SR7_6_1\" ].fn();\n\t\t\t\t<\/script>\n<\/div>\n\n\t\t\t\t\t\t<\/div>\n\t\t\t\t<\/div>\n\t\t\t\t<div class=\"elementor-element elementor-element-8a02871 elementor-widget elementor-widget-text-editor\" data-id=\"8a02871\" data-element_type=\"widget\" data-e-type=\"widget\" data-widget_type=\"text-editor.default\">\n\t\t\t\t<div class=\"elementor-widget-container\">\n\t\t\t\t\t\t\t\t\t<p><b><strong>Le programme Sans limites est un programme \u00e0 forte visibilit\u00e9 qui fait partie int\u00e9grante du Groupe de transition des Forces arm\u00e9es canadiennes.<\/strong><\/b><\/p>\n<p>Depuis sa cr\u00e9ation en 2007, le programme Sans limites a soutenu plus de 10 000 militaires en service actif et v\u00e9t\u00e9rans malades ou bless\u00e9s, atteints d&rsquo;un handicap permanent ou chronique (visible ou non). Ce soutien permet aux participants d&rsquo;adopter un mode de vie actif et sain. Le programme Sans limites appuie les militaires en les aidant \u00e0 accro\u00eetre leur autonomie, en les incitant \u00e0 acqu\u00e9rir de nouvelles comp\u00e9tences et \u00e0 atteindre de nouveaux objectifs, ainsi qu&rsquo;en leur ouvrant la porte \u00e0 d&rsquo;autres possibilit\u00e9s de vie. Le programme Sans limites, soutenu par les contributions g\u00e9n\u00e9reuses des Canadiennes et des Canadiens, offre \u00e0 ses participants malades ou bless\u00e9s l&rsquo;occasion de socialiser, d&rsquo;explorer des int\u00e9r\u00eats communs et de partager des exp\u00e9riences d&rsquo;apprentissage par l&rsquo;interm\u00e9diaire d&rsquo;un programme bas\u00e9 sur les pairs.<\/p>\n<p>Pour obtenir de plus amples renseignements, visitez le site&nbsp;<a href=\"https:\/\/www.sans-limites.ca\/\">Sans Limites.<\/a><\/p>\n<p><iframe title=\"YouTube video player\" src=\"https:\/\/www.youtube.com\/embed\/-uwL_Z3gTQQ?si=5jT7_9hOHHY5O6Kf\" width=\"640\" height=\"360\" frameborder=\"0\" allowfullscreen=\"allowfullscreen\"><\/iframe><\/p>\t\t\t\t\t\t\t\t<\/div>\n\t\t\t\t<\/div>\n\t\t\t\t\t<\/div>\n\t\t\t\t<\/div>\n\t\t\t\t<\/div>\n\t\t","protected":false},"excerpt":{"rendered":"<p>Le programme Sans limites est un programme \u00e0 forte visibilit\u00e9 qui fait partie int\u00e9grante du Groupe de transition des Forces arm\u00e9es canadiennes. Depuis sa cr\u00e9ation en 2007, le programme Sans limites a soutenu plus de 10 000 militaires en service actif et v\u00e9t\u00e9rans malades ou bless\u00e9s, atteints d&rsquo;un handicap permanent ou chronique (visible ou non). [&hellip;]<\/p>\n","protected":false},"author":1,"featured_media":0,"parent":4957,"menu_order":2,"comment_status":"closed","ping_status":"closed","template":"","meta":{"inline_featured_image":false,"_monsterinsights_skip_tracking":false,"_monsterinsights_sitenote_active":false,"_monsterinsights_sitenote_note":"","_monsterinsights_sitenote_category":0,"footnotes":""},"class_list":["post-456","page","type-page","status-publish","hentry"],"yoast_head":"<!-- This site is optimized with the Yoast SEO Premium plugin v27.3 (Yoast SEO v27.3) - https:\/\/yoast.com\/product\/yoast-seo-premium-wordpress\/ -->\n<title>\u00c0 propos de Sans limites - Course de l&#039;Arm\u00e9e<\/title>\n<meta name=\"description\" content=\"Depuis sa cr\u00e9ation en 2007, Sans Limites a aid\u00e9 plus de 7 500 militaires en service et v\u00e9t\u00e9rans malades ou bless\u00e9s ayant une incapacit\u00e9 permanente ou chronique (visible ou non visible).\" \/>\n<meta name=\"robots\" content=\"index, follow, max-snippet:-1, max-image-preview:large, max-video-preview:-1\" \/>\n<link rel=\"canonical\" href=\"https:\/\/armyrun.ca\/fr\/collecte-de-fonds\/a-propos-de-sans-limites\/\" \/>\n<meta property=\"og:locale\" content=\"fr_FR\" \/>\n<meta property=\"og:type\" content=\"article\" \/>\n<meta property=\"og:title\" content=\"\u00c0 propos de Sans limites\" \/>\n<meta property=\"og:description\" content=\"Depuis sa cr\u00e9ation en 2007, Sans Limites a aid\u00e9 plus de 7 500 militaires en service et v\u00e9t\u00e9rans malades ou bless\u00e9s ayant une incapacit\u00e9 permanente ou chronique (visible ou non visible).\" \/>\n<meta property=\"og:url\" content=\"https:\/\/armyrun.ca\/fr\/collecte-de-fonds\/a-propos-de-sans-limites\/\" \/>\n<meta property=\"og:site_name\" content=\"Course de l&#039;Arm\u00e9e\" \/>\n<meta property=\"article:publisher\" content=\"https:\/\/www.facebook.com\/CanadaArmyRun\" \/>\n<meta property=\"article:modified_time\" content=\"2024-09-10T21:00:25+00:00\" \/>\n<meta name=\"twitter:card\" content=\"summary_large_image\" \/>\n<meta name=\"twitter:site\" content=\"@CanadaArmyRun\" \/>\n<meta name=\"twitter:label1\" content=\"Dur\u00e9e de lecture estim\u00e9e\" \/>\n\t<meta name=\"twitter:data1\" content=\"1 minute\" \/>\n<script type=\"application\/ld+json\" class=\"yoast-schema-graph\">{\"@context\":\"https:\\\/\\\/schema.org\",\"@graph\":[{\"@type\":\"WebPage\",\"@id\":\"https:\\\/\\\/armyrun.ca\\\/fr\\\/collecte-de-fonds\\\/a-propos-de-sans-limites\\\/\",\"url\":\"https:\\\/\\\/armyrun.ca\\\/fr\\\/collecte-de-fonds\\\/a-propos-de-sans-limites\\\/\",\"name\":\"\u00c0 propos de Sans limites - Course de l&#039;Arm\u00e9e\",\"isPartOf\":{\"@id\":\"https:\\\/\\\/armyrun.ca\\\/fr\\\/#website\"},\"datePublished\":\"2020-12-10T20:00:10+00:00\",\"dateModified\":\"2024-09-10T21:00:25+00:00\",\"description\":\"Depuis sa cr\u00e9ation en 2007, Sans Limites a aid\u00e9 plus de 7 500 militaires en service et v\u00e9t\u00e9rans malades ou bless\u00e9s ayant une incapacit\u00e9 permanente ou chronique (visible ou non visible).\",\"breadcrumb\":{\"@id\":\"https:\\\/\\\/armyrun.ca\\\/fr\\\/collecte-de-fonds\\\/a-propos-de-sans-limites\\\/#breadcrumb\"},\"inLanguage\":\"fr-FR\",\"potentialAction\":[{\"@type\":\"ReadAction\",\"target\":[\"https:\\\/\\\/armyrun.ca\\\/fr\\\/collecte-de-fonds\\\/a-propos-de-sans-limites\\\/\"]}]},{\"@type\":\"BreadcrumbList\",\"@id\":\"https:\\\/\\\/armyrun.ca\\\/fr\\\/collecte-de-fonds\\\/a-propos-de-sans-limites\\\/#breadcrumb\",\"itemListElement\":[{\"@type\":\"ListItem\",\"position\":1,\"name\":\"Accueill\",\"item\":\"https:\\\/\\\/armyrun.ca\\\/fr\\\/\"},{\"@type\":\"ListItem\",\"position\":2,\"name\":\"Collecte de fonds\",\"item\":\"https:\\\/\\\/armyrun.ca\\\/fr\\\/collecte-de-fonds\\\/\"},{\"@type\":\"ListItem\",\"position\":3,\"name\":\"\u00c0 propos de Sans limites\"}]},{\"@type\":\"WebSite\",\"@id\":\"https:\\\/\\\/armyrun.ca\\\/fr\\\/#website\",\"url\":\"https:\\\/\\\/armyrun.ca\\\/fr\\\/\",\"name\":\"Army Run\",\"description\":\"Une course extraordinaire\",\"publisher\":{\"@id\":\"https:\\\/\\\/armyrun.ca\\\/fr\\\/#organization\"},\"potentialAction\":[{\"@type\":\"SearchAction\",\"target\":{\"@type\":\"EntryPoint\",\"urlTemplate\":\"https:\\\/\\\/armyrun.ca\\\/fr\\\/?s={search_term_string}\"},\"query-input\":{\"@type\":\"PropertyValueSpecification\",\"valueRequired\":true,\"valueName\":\"search_term_string\"}}],\"inLanguage\":\"fr-FR\"},{\"@type\":\"Organization\",\"@id\":\"https:\\\/\\\/armyrun.ca\\\/fr\\\/#organization\",\"name\":\"Army Run\",\"url\":\"https:\\\/\\\/armyrun.ca\\\/fr\\\/\",\"logo\":{\"@type\":\"ImageObject\",\"inLanguage\":\"fr-FR\",\"@id\":\"https:\\\/\\\/armyrun.ca\\\/fr\\\/#\\\/schema\\\/logo\\\/image\\\/\",\"url\":\"https:\\\/\\\/armyrun.ca\\\/wp-content\\\/uploads\\\/2024\\\/02\\\/image_2024-Logo-armyrun.png\",\"contentUrl\":\"https:\\\/\\\/armyrun.ca\\\/wp-content\\\/uploads\\\/2024\\\/02\\\/image_2024-Logo-armyrun.png\",\"width\":594,\"height\":192,\"caption\":\"Army Run\"},\"image\":{\"@id\":\"https:\\\/\\\/armyrun.ca\\\/fr\\\/#\\\/schema\\\/logo\\\/image\\\/\"},\"sameAs\":[\"https:\\\/\\\/www.facebook.com\\\/CanadaArmyRun\",\"https:\\\/\\\/x.com\\\/CanadaArmyRun\",\"https:\\\/\\\/www.instagram.com\\\/canadaarmyrun\\\/\",\"https:\\\/\\\/www.flickr.com\\\/photos\\\/canadaarmyrun\"]}]}<\/script>\n<!-- \/ Yoast SEO Premium plugin. -->","yoast_head_json":{"title":"\u00c0 propos de Sans limites - Course de l&#039;Arm\u00e9e","description":"Depuis sa cr\u00e9ation en 2007, Sans Limites a aid\u00e9 plus de 7 500 militaires en service et v\u00e9t\u00e9rans malades ou bless\u00e9s ayant une incapacit\u00e9 permanente ou chronique (visible ou non visible).","robots":{"index":"index","follow":"follow","max-snippet":"max-snippet:-1","max-image-preview":"max-image-preview:large","max-video-preview":"max-video-preview:-1"},"canonical":"https:\/\/armyrun.ca\/fr\/collecte-de-fonds\/a-propos-de-sans-limites\/","og_locale":"fr_FR","og_type":"article","og_title":"\u00c0 propos de Sans limites","og_description":"Depuis sa cr\u00e9ation en 2007, Sans Limites a aid\u00e9 plus de 7 500 militaires en service et v\u00e9t\u00e9rans malades ou bless\u00e9s ayant une incapacit\u00e9 permanente ou chronique (visible ou non visible).","og_url":"https:\/\/armyrun.ca\/fr\/collecte-de-fonds\/a-propos-de-sans-limites\/","og_site_name":"Course de l&#039;Arm\u00e9e","article_publisher":"https:\/\/www.facebook.com\/CanadaArmyRun","article_modified_time":"2024-09-10T21:00:25+00:00","twitter_card":"summary_large_image","twitter_site":"@CanadaArmyRun","twitter_misc":{"Dur\u00e9e de lecture estim\u00e9e":"1 minute"},"schema":{"@context":"https:\/\/schema.org","@graph":[{"@type":"WebPage","@id":"https:\/\/armyrun.ca\/fr\/collecte-de-fonds\/a-propos-de-sans-limites\/","url":"https:\/\/armyrun.ca\/fr\/collecte-de-fonds\/a-propos-de-sans-limites\/","name":"\u00c0 propos de Sans limites - Course de l&#039;Arm\u00e9e","isPartOf":{"@id":"https:\/\/armyrun.ca\/fr\/#website"},"datePublished":"2020-12-10T20:00:10+00:00","dateModified":"2024-09-10T21:00:25+00:00","description":"Depuis sa cr\u00e9ation en 2007, Sans Limites a aid\u00e9 plus de 7 500 militaires en service et v\u00e9t\u00e9rans malades ou bless\u00e9s ayant une incapacit\u00e9 permanente ou chronique (visible ou non visible).","breadcrumb":{"@id":"https:\/\/armyrun.ca\/fr\/collecte-de-fonds\/a-propos-de-sans-limites\/#breadcrumb"},"inLanguage":"fr-FR","potentialAction":[{"@type":"ReadAction","target":["https:\/\/armyrun.ca\/fr\/collecte-de-fonds\/a-propos-de-sans-limites\/"]}]},{"@type":"BreadcrumbList","@id":"https:\/\/armyrun.ca\/fr\/collecte-de-fonds\/a-propos-de-sans-limites\/#breadcrumb","itemListElement":[{"@type":"ListItem","position":1,"name":"Accueill","item":"https:\/\/armyrun.ca\/fr\/"},{"@type":"ListItem","position":2,"name":"Collecte de fonds","item":"https:\/\/armyrun.ca\/fr\/collecte-de-fonds\/"},{"@type":"ListItem","position":3,"name":"\u00c0 propos de Sans limites"}]},{"@type":"WebSite","@id":"https:\/\/armyrun.ca\/fr\/#website","url":"https:\/\/armyrun.ca\/fr\/","name":"Army Run","description":"Une course extraordinaire","publisher":{"@id":"https:\/\/armyrun.ca\/fr\/#organization"},"potentialAction":[{"@type":"SearchAction","target":{"@type":"EntryPoint","urlTemplate":"https:\/\/armyrun.ca\/fr\/?s={search_term_string}"},"query-input":{"@type":"PropertyValueSpecification","valueRequired":true,"valueName":"search_term_string"}}],"inLanguage":"fr-FR"},{"@type":"Organization","@id":"https:\/\/armyrun.ca\/fr\/#organization","name":"Army Run","url":"https:\/\/armyrun.ca\/fr\/","logo":{"@type":"ImageObject","inLanguage":"fr-FR","@id":"https:\/\/armyrun.ca\/fr\/#\/schema\/logo\/image\/","url":"https:\/\/armyrun.ca\/wp-content\/uploads\/2024\/02\/image_2024-Logo-armyrun.png","contentUrl":"https:\/\/armyrun.ca\/wp-content\/uploads\/2024\/02\/image_2024-Logo-armyrun.png","width":594,"height":192,"caption":"Army Run"},"image":{"@id":"https:\/\/armyrun.ca\/fr\/#\/schema\/logo\/image\/"},"sameAs":["https:\/\/www.facebook.com\/CanadaArmyRun","https:\/\/x.com\/CanadaArmyRun","https:\/\/www.instagram.com\/canadaarmyrun\/","https:\/\/www.flickr.com\/photos\/canadaarmyrun"]}]}},"_links":{"self":[{"href":"https:\/\/armyrun.ca\/fr\/wp-json\/wp\/v2\/pages\/456","targetHints":{"allow":["GET"]}}],"collection":[{"href":"https:\/\/armyrun.ca\/fr\/wp-json\/wp\/v2\/pages"}],"about":[{"href":"https:\/\/armyrun.ca\/fr\/wp-json\/wp\/v2\/types\/page"}],"author":[{"embeddable":true,"href":"https:\/\/armyrun.ca\/fr\/wp-json\/wp\/v2\/users\/1"}],"replies":[{"embeddable":true,"href":"https:\/\/armyrun.ca\/fr\/wp-json\/wp\/v2\/comments?post=456"}],"version-history":[{"count":0,"href":"https:\/\/armyrun.ca\/fr\/wp-json\/wp\/v2\/pages\/456\/revisions"}],"up":[{"embeddable":true,"href":"https:\/\/armyrun.ca\/fr\/wp-json\/wp\/v2\/pages\/4957"}],"wp:attachment":[{"href":"https:\/\/armyrun.ca\/fr\/wp-json\/wp\/v2\/media?parent=456"}],"curies":[{"name":"wp","href":"https:\/\/api.w.org\/{rel}","templated":true}]}}