{"id":1784,"date":"2021-10-27T11:18:41","date_gmt":"2021-10-27T15:18:41","guid":{"rendered":"https:\/\/armyrun.ca\/a-propos-de-course-de-larmee\/sample-page\/"},"modified":"2024-09-10T16:40:17","modified_gmt":"2024-09-10T20:40:17","slug":"a-propos-d-appuyons-nos-troupes","status":"publish","type":"page","link":"https:\/\/armyrun.ca\/fr\/collecte-de-fonds\/a-propos-d-appuyons-nos-troupes\/","title":{"rendered":"\u00c0 propos d&rsquo;Appuyons nos troupes"},"content":{"rendered":"\t\t<div data-elementor-type=\"wp-page\" data-elementor-id=\"1784\" class=\"elementor elementor-1784 elementor-1780\">\n\t\t\t\t<div class=\"elementor-element elementor-element-e40cec1 e-flex e-con-boxed e-con e-parent\" data-id=\"e40cec1\" data-element_type=\"container\" data-e-type=\"container\">\n\t\t\t\t\t<div class=\"e-con-inner\">\n\t\t\t\t<div class=\"elementor-element elementor-element-96b1640 elementor-widget elementor-widget-slider_revolution\" data-id=\"96b1640\" data-element_type=\"widget\" data-e-type=\"widget\" data-widget_type=\"slider_revolution.default\">\n\t\t\t\t<div class=\"elementor-widget-container\">\n\t\t\t\t\t\n\t\t<div class=\"wp-block-themepunch-revslider\">\n\t\t\t\t<p class=\"rs-p-wp-fix\"><\/p>\n\t\t\t\t<sr7-module data-alias=\"a-propos-d-appuyons-nos-troupes\" data-id=\"7\" id=\"SR7_7_1\" class=\"rs-ov-hidden\" data-version=\"6.7.52\">\n\t\t\t\t\t<sr7-adjuster><\/sr7-adjuster>\n\t\t\t\t\t<sr7-content>\n\t\t\t\t\t\t<sr7-slide id=\"SR7_7_1-16\" data-key=\"16\">\n\t\t\t\t\t\t\t<sr7-bg id=\"SR7_7_1-16-2\" class=\"sr7-layer\"><noscript><img decoding=\"async\" src=\"https:\/\/armyrun.ca\/wp-content\/uploads\/revslider\/about-soldier-on-1\/armyrun_fundraising_support-our-troops-kid-in-hat.png\" alt=\"\" title=\"armyrun_fundraising_support-our-troops-kid-in-hat.png\"><\/noscript><\/sr7-bg>\n\t\t\t\t\t\t<\/sr7-slide>\n\t\t\t\t\t\t<sr7-slide id=\"SR7_7_1-17\" data-key=\"17\">\n\t\t\t\t\t\t\t<sr7-bg id=\"SR7_7_1-17-8\" class=\"sr7-layer\"><noscript><img decoding=\"async\" src=\"https:\/\/armyrun.ca\/wp-content\/uploads\/revslider\/about-soldier-on-1\/armyrun_fundraising_support-our-troops-mother-child.png\" alt=\"\" title=\"armyrun_fundraising_support-our-troops-mother-child.png\"><\/noscript><\/sr7-bg>\n\t\t\t\t\t\t\t<sr7-txt id=\"SR7_7_1-17-2\" class=\"sr7-layer\">Une course extraordinaire.<br>\nUne cause extraordinaire.<\/sr7-txt>\n\t\t\t\t\t\t\t<sr7-txt id=\"SR7_7_1-17-3\" class=\"sr7-layer\">Commencez \u00e0 recueillir des fonds pour soutenir la communaut\u00e9 des Forces arm\u00e9es canadiennes d\u00e8s aujourd'hui!<\/sr7-txt>\n\t\t\t\t\t\t\t<a id=\"SR7_7_1-17-7\" class=\"sr7-layer\" href=\"https:\/\/raceroster.com\/events\/2024\/82350\/canada-army-run-2024-course-de-larmee-du-canada-2024\/fundraising-organization\/50099\" target=\"_blank\" rel=\"noopener\">DONNER<\/a>\n\t\t\t\t\t\t<\/sr7-slide>\n\t\t\t\t\t\t<sr7-slide id=\"SR7_7_1-24\" data-key=\"24\">\n\t\t\t\t\t\t<\/sr7-slide>\n\t\t\t\t\t<\/sr7-content>\n\t\t\t\t\t<image_lists style=\"display:none\">\n\t\t\t\t\t\t<img data-src=\"\/\/armyrun.ca\/wp-content\/uploads\/revslider\/about-soldier-on-1\/armyrun_fundraising_support-our-troops-kid-in-hat.png\" data-libid=\"4177\" data-lib=\"medialibrary\" title=\"armyrun_fundraising_support-our-troops-kid-in-hat.png\" width=\"0\" height=\"0\" data-dbsrc=\"Ly9hcm15cnVuLmNhL3dwLWNvbnRlbnQvdXBsb2Fkcy9yZXZzbGlkZXIvYWJvdXQtc29sZGllci1vbi0xL2FybXlydW5fZnVuZHJhaXNpbmdfc3VwcG9ydC1vdXItdHJvb3BzLWtpZC1pbi1oYXQucG5n\"\/>\n\t\t\t\t\t\t<img data-src=\"\/\/armyrun.ca\/wp-content\/uploads\/revslider\/about-soldier-on-1\/armyrun_fundraising_support-our-troops-mother-child.png\" data-libid=\"4179\" data-lib=\"medialibrary\" title=\"armyrun_fundraising_support-our-troops-mother-child.png\" width=\"0\" height=\"0\" data-dbsrc=\"Ly9hcm15cnVuLmNhL3dwLWNvbnRlbnQvdXBsb2Fkcy9yZXZzbGlkZXIvYWJvdXQtc29sZGllci1vbi0xL2FybXlydW5fZnVuZHJhaXNpbmdfc3VwcG9ydC1vdXItdHJvb3BzLW1vdGhlci1jaGlsZC5wbmc=\"\/>\n\t\t\t\t\t<\/image_lists>\n\t\t\t\t<\/sr7-module>\n\t\t\t\t<script>\n\t\t\t\t\twindow.SR7 ??={};SR7.PMH ??={}; SR7.PMH[\"SR7_7_1\"] = {cn:100,state:false,fn: function() { if (window._tpt!==undefined && window._tpt.prepareModuleHeight !== undefined) {  _tpt.prepareModuleHeight({id:\"SR7_7_1\",el:[868,868,768,960,720],type:'standard',shdw:'0',gh:[868,868,768,960,720],gw:[1240,1240,1024,778,480],vpt:['100px&#039;,&#039;100px&#039;,&#039;100px&#039;,&#039;100px&#039;,&#039;100px'],size:{fullWidth:true, fullHeight:true},fho:',60px',mh:'0',onh:0,onw:0,bg:{color:'{\"type\":\"solid\",\"orig\":\"#000000\",\"string\":\"rgba(0, 0, 0, 1)\"}'},plType:'-1',plColor:'#FFFFFF'});   SR7.PMH[\"SR7_7_1\"].state=true;} else if(SR7.PMH[\"SR7_7_1\"].cn-->0)\tsetTimeout( SR7.PMH[\"SR7_7_1\"].fn,19);}};SR7.PMH[\"SR7_7_1\" ].fn();\n\t\t\t\t<\/script>\n<\/div>\n\n\t\t\t\t\t\t<\/div>\n\t\t\t\t<\/div>\n\t\t\t\t\t<\/div>\n\t\t\t\t<\/div>\n\t\t<div class=\"elementor-element elementor-element-0876a34 e-flex e-con-boxed e-con e-parent\" data-id=\"0876a34\" data-element_type=\"container\" data-e-type=\"container\">\n\t\t\t\t\t<div class=\"e-con-inner\">\n\t\t\t\t<div class=\"elementor-element elementor-element-819e7df elementor-widget elementor-widget-text-editor\" data-id=\"819e7df\" data-element_type=\"widget\" data-e-type=\"widget\" data-widget_type=\"text-editor.default\">\n\t\t\t\t<div class=\"elementor-widget-container\">\n\t\t\t\t\t\t\t\t\t<p><strong>Appuyons nos troupes est la cause caritative officielle des Forces arm\u00e9es canadiennes.<\/strong><\/p><p>Cr\u00e9\u00e9e en 2007, l&rsquo;organisation Appuyons nos troupes s&rsquo;efforce de satisfaire les besoins uniques et les d\u00e9fis particuliers auxquels sont confront\u00e9s les membres de la communaut\u00e9 des Forces arm\u00e9es canadiennes en raison de leur d\u00e9vouement au service du Canada et des Canadiennes et des Canadiens. L&rsquo;organisation m\u00e8ne des activit\u00e9s dans le cadre des Services de bien-\u00eatre et moral des Forces canadiennes.<\/p><p>Parmi les moyens utilis\u00e9s par Appuyons nos troupes pour soutenir la communaut\u00e9 figurent notamment l&rsquo;octroi d&rsquo;une aide financi\u00e8re visant \u00e0 promouvoir la r\u00e9silience des familles ainsi qu&rsquo;\u00e0 appuyer le r\u00e9tablissement, la r\u00e9adaptation et la r\u00e9int\u00e9gration des militaires souffrant d&rsquo;une maladie ou d&rsquo;une blessure physique ou mentale, en plus de divers autres \u00e9l\u00e9ments qui aident la communaut\u00e9 \u00e0 composer avec la rigueur inh\u00e9rente \u00e0 la vie militaire.<\/p><p>Reconnue par son ruban jaune, l&rsquo;organisation encourage les Canadiennes et les Canadiens \u00e0 manifester leur reconnaissance et leur soutien aux femmes et aux hommes en uniforme, aux v\u00e9t\u00e9rans et \u00e0 leurs familles en faisant des dons, en participant \u00e0 des activit\u00e9s communautaires et en organisant des collectes de fonds.<\/p><p>Merci de vous tenir \u00e0 nos c\u00f4t\u00e9s!<\/p><p>Pour obtenir de plus amples renseignements, visitez le site <a href=\"https:\/\/www.appuyonsnostroupes.ca\/\">Appuyons Nos Troupes<\/a><\/p><p><iframe title=\"vimeo-player\" src=\"https:\/\/player.vimeo.com\/video\/218629288?h=1824af2f48\" width=\"640\" height=\"360\" frameborder=\"0\" allowfullscreen=\"allowfullscreen\"><\/iframe><\/p>\t\t\t\t\t\t\t\t<\/div>\n\t\t\t\t<\/div>\n\t\t\t\t\t<\/div>\n\t\t\t\t<\/div>\n\t\t\t\t<\/div>\n\t\t","protected":false},"excerpt":{"rendered":"<p>Appuyons nos troupes est la cause caritative officielle des Forces arm\u00e9es canadiennes. Cr\u00e9\u00e9e en 2007, l&rsquo;organisation Appuyons nos troupes s&rsquo;efforce de satisfaire les besoins uniques et les d\u00e9fis particuliers auxquels sont confront\u00e9s les membres de la communaut\u00e9 des Forces arm\u00e9es canadiennes en raison de leur d\u00e9vouement au service du Canada et des Canadiennes et des [&hellip;]<\/p>\n","protected":false},"author":1,"featured_media":0,"parent":4957,"menu_order":1,"comment_status":"closed","ping_status":"closed","template":"","meta":{"inline_featured_image":false,"_monsterinsights_skip_tracking":false,"_monsterinsights_sitenote_active":false,"_monsterinsights_sitenote_note":"","_monsterinsights_sitenote_category":0,"footnotes":""},"class_list":["post-1784","page","type-page","status-publish","hentry"],"yoast_head":"<!-- This site is optimized with the Yoast SEO Premium plugin v27.3 (Yoast SEO v27.3) - https:\/\/yoast.com\/product\/yoast-seo-premium-wordpress\/ -->\n<title>\u00c0 propos d&#039;Appuyons nos troupes - Course de l&#039;Arm\u00e9e<\/title>\n<meta name=\"description\" content=\"Appuyons nos troupes s&#039;efforce de r\u00e9pondre aux besoins uniques et aux d\u00e9fis particuliers auxquels sont confront\u00e9s les membres\" \/>\n<meta name=\"robots\" content=\"index, follow, max-snippet:-1, max-image-preview:large, max-video-preview:-1\" \/>\n<link rel=\"canonical\" href=\"https:\/\/armyrun.ca\/fr\/collecte-de-fonds\/a-propos-d-appuyons-nos-troupes\/\" \/>\n<meta property=\"og:locale\" content=\"fr_FR\" \/>\n<meta property=\"og:type\" content=\"article\" \/>\n<meta property=\"og:title\" content=\"\u00c0 propos d&#039;Appuyons nos troupes\" \/>\n<meta property=\"og:description\" content=\"Appuyons nos troupes s&#039;efforce de r\u00e9pondre aux besoins uniques et aux d\u00e9fis particuliers auxquels sont confront\u00e9s les membres\" \/>\n<meta property=\"og:url\" content=\"https:\/\/armyrun.ca\/fr\/collecte-de-fonds\/a-propos-d-appuyons-nos-troupes\/\" \/>\n<meta property=\"og:site_name\" content=\"Course de l&#039;Arm\u00e9e\" \/>\n<meta property=\"article:publisher\" content=\"https:\/\/www.facebook.com\/CanadaArmyRun\" \/>\n<meta property=\"article:modified_time\" content=\"2024-09-10T20:40:17+00:00\" \/>\n<meta property=\"og:image\" content=\"https:\/\/armyrun.ca\/wp-content\/uploads\/2021\/09\/IMG_4565-scaled.jpg\" \/>\n\t<meta property=\"og:image:width\" content=\"2560\" \/>\n\t<meta property=\"og:image:height\" content=\"1920\" \/>\n\t<meta property=\"og:image:type\" content=\"image\/jpeg\" \/>\n<meta name=\"twitter:card\" content=\"summary_large_image\" \/>\n<meta name=\"twitter:site\" content=\"@CanadaArmyRun\" \/>\n<meta name=\"twitter:label1\" content=\"Dur\u00e9e de lecture estim\u00e9e\" \/>\n\t<meta name=\"twitter:data1\" content=\"2 minutes\" \/>\n<script type=\"application\/ld+json\" class=\"yoast-schema-graph\">{\"@context\":\"https:\\\/\\\/schema.org\",\"@graph\":[{\"@type\":\"WebPage\",\"@id\":\"https:\\\/\\\/armyrun.ca\\\/fr\\\/collecte-de-fonds\\\/a-propos-d-appuyons-nos-troupes\\\/\",\"url\":\"https:\\\/\\\/armyrun.ca\\\/fr\\\/collecte-de-fonds\\\/a-propos-d-appuyons-nos-troupes\\\/\",\"name\":\"\u00c0 propos d'Appuyons nos troupes - Course de l&#039;Arm\u00e9e\",\"isPartOf\":{\"@id\":\"https:\\\/\\\/armyrun.ca\\\/fr\\\/#website\"},\"datePublished\":\"2021-10-27T15:18:41+00:00\",\"dateModified\":\"2024-09-10T20:40:17+00:00\",\"description\":\"Appuyons nos troupes s'efforce de r\u00e9pondre aux besoins uniques et aux d\u00e9fis particuliers auxquels sont confront\u00e9s les membres\",\"breadcrumb\":{\"@id\":\"https:\\\/\\\/armyrun.ca\\\/fr\\\/collecte-de-fonds\\\/a-propos-d-appuyons-nos-troupes\\\/#breadcrumb\"},\"inLanguage\":\"fr-FR\",\"potentialAction\":[{\"@type\":\"ReadAction\",\"target\":[\"https:\\\/\\\/armyrun.ca\\\/fr\\\/collecte-de-fonds\\\/a-propos-d-appuyons-nos-troupes\\\/\"]}]},{\"@type\":\"BreadcrumbList\",\"@id\":\"https:\\\/\\\/armyrun.ca\\\/fr\\\/collecte-de-fonds\\\/a-propos-d-appuyons-nos-troupes\\\/#breadcrumb\",\"itemListElement\":[{\"@type\":\"ListItem\",\"position\":1,\"name\":\"Accueill\",\"item\":\"https:\\\/\\\/armyrun.ca\\\/fr\\\/\"},{\"@type\":\"ListItem\",\"position\":2,\"name\":\"Collecte de fonds\",\"item\":\"https:\\\/\\\/armyrun.ca\\\/fr\\\/collecte-de-fonds\\\/\"},{\"@type\":\"ListItem\",\"position\":3,\"name\":\"\u00c0 propos d&#8217;Appuyons nos troupes\"}]},{\"@type\":\"WebSite\",\"@id\":\"https:\\\/\\\/armyrun.ca\\\/fr\\\/#website\",\"url\":\"https:\\\/\\\/armyrun.ca\\\/fr\\\/\",\"name\":\"Army Run\",\"description\":\"Une course extraordinaire\",\"publisher\":{\"@id\":\"https:\\\/\\\/armyrun.ca\\\/fr\\\/#organization\"},\"potentialAction\":[{\"@type\":\"SearchAction\",\"target\":{\"@type\":\"EntryPoint\",\"urlTemplate\":\"https:\\\/\\\/armyrun.ca\\\/fr\\\/?s={search_term_string}\"},\"query-input\":{\"@type\":\"PropertyValueSpecification\",\"valueRequired\":true,\"valueName\":\"search_term_string\"}}],\"inLanguage\":\"fr-FR\"},{\"@type\":\"Organization\",\"@id\":\"https:\\\/\\\/armyrun.ca\\\/fr\\\/#organization\",\"name\":\"Army Run\",\"url\":\"https:\\\/\\\/armyrun.ca\\\/fr\\\/\",\"logo\":{\"@type\":\"ImageObject\",\"inLanguage\":\"fr-FR\",\"@id\":\"https:\\\/\\\/armyrun.ca\\\/fr\\\/#\\\/schema\\\/logo\\\/image\\\/\",\"url\":\"https:\\\/\\\/armyrun.ca\\\/wp-content\\\/uploads\\\/2024\\\/02\\\/image_2024-Logo-armyrun.png\",\"contentUrl\":\"https:\\\/\\\/armyrun.ca\\\/wp-content\\\/uploads\\\/2024\\\/02\\\/image_2024-Logo-armyrun.png\",\"width\":594,\"height\":192,\"caption\":\"Army Run\"},\"image\":{\"@id\":\"https:\\\/\\\/armyrun.ca\\\/fr\\\/#\\\/schema\\\/logo\\\/image\\\/\"},\"sameAs\":[\"https:\\\/\\\/www.facebook.com\\\/CanadaArmyRun\",\"https:\\\/\\\/x.com\\\/CanadaArmyRun\",\"https:\\\/\\\/www.instagram.com\\\/canadaarmyrun\\\/\",\"https:\\\/\\\/www.flickr.com\\\/photos\\\/canadaarmyrun\"]}]}<\/script>\n<!-- \/ Yoast SEO Premium plugin. -->","yoast_head_json":{"title":"\u00c0 propos d'Appuyons nos troupes - Course de l&#039;Arm\u00e9e","description":"Appuyons nos troupes s'efforce de r\u00e9pondre aux besoins uniques et aux d\u00e9fis particuliers auxquels sont confront\u00e9s les membres","robots":{"index":"index","follow":"follow","max-snippet":"max-snippet:-1","max-image-preview":"max-image-preview:large","max-video-preview":"max-video-preview:-1"},"canonical":"https:\/\/armyrun.ca\/fr\/collecte-de-fonds\/a-propos-d-appuyons-nos-troupes\/","og_locale":"fr_FR","og_type":"article","og_title":"\u00c0 propos d'Appuyons nos troupes","og_description":"Appuyons nos troupes s'efforce de r\u00e9pondre aux besoins uniques et aux d\u00e9fis particuliers auxquels sont confront\u00e9s les membres","og_url":"https:\/\/armyrun.ca\/fr\/collecte-de-fonds\/a-propos-d-appuyons-nos-troupes\/","og_site_name":"Course de l&#039;Arm\u00e9e","article_publisher":"https:\/\/www.facebook.com\/CanadaArmyRun","article_modified_time":"2024-09-10T20:40:17+00:00","og_image":[{"width":2560,"height":1920,"url":"https:\/\/armyrun.ca\/wp-content\/uploads\/2021\/09\/IMG_4565-scaled.jpg","type":"image\/jpeg"}],"twitter_card":"summary_large_image","twitter_site":"@CanadaArmyRun","twitter_misc":{"Dur\u00e9e de lecture estim\u00e9e":"2 minutes"},"schema":{"@context":"https:\/\/schema.org","@graph":[{"@type":"WebPage","@id":"https:\/\/armyrun.ca\/fr\/collecte-de-fonds\/a-propos-d-appuyons-nos-troupes\/","url":"https:\/\/armyrun.ca\/fr\/collecte-de-fonds\/a-propos-d-appuyons-nos-troupes\/","name":"\u00c0 propos d'Appuyons nos troupes - Course de l&#039;Arm\u00e9e","isPartOf":{"@id":"https:\/\/armyrun.ca\/fr\/#website"},"datePublished":"2021-10-27T15:18:41+00:00","dateModified":"2024-09-10T20:40:17+00:00","description":"Appuyons nos troupes s'efforce de r\u00e9pondre aux besoins uniques et aux d\u00e9fis particuliers auxquels sont confront\u00e9s les membres","breadcrumb":{"@id":"https:\/\/armyrun.ca\/fr\/collecte-de-fonds\/a-propos-d-appuyons-nos-troupes\/#breadcrumb"},"inLanguage":"fr-FR","potentialAction":[{"@type":"ReadAction","target":["https:\/\/armyrun.ca\/fr\/collecte-de-fonds\/a-propos-d-appuyons-nos-troupes\/"]}]},{"@type":"BreadcrumbList","@id":"https:\/\/armyrun.ca\/fr\/collecte-de-fonds\/a-propos-d-appuyons-nos-troupes\/#breadcrumb","itemListElement":[{"@type":"ListItem","position":1,"name":"Accueill","item":"https:\/\/armyrun.ca\/fr\/"},{"@type":"ListItem","position":2,"name":"Collecte de fonds","item":"https:\/\/armyrun.ca\/fr\/collecte-de-fonds\/"},{"@type":"ListItem","position":3,"name":"\u00c0 propos d&#8217;Appuyons nos troupes"}]},{"@type":"WebSite","@id":"https:\/\/armyrun.ca\/fr\/#website","url":"https:\/\/armyrun.ca\/fr\/","name":"Army Run","description":"Une course extraordinaire","publisher":{"@id":"https:\/\/armyrun.ca\/fr\/#organization"},"potentialAction":[{"@type":"SearchAction","target":{"@type":"EntryPoint","urlTemplate":"https:\/\/armyrun.ca\/fr\/?s={search_term_string}"},"query-input":{"@type":"PropertyValueSpecification","valueRequired":true,"valueName":"search_term_string"}}],"inLanguage":"fr-FR"},{"@type":"Organization","@id":"https:\/\/armyrun.ca\/fr\/#organization","name":"Army Run","url":"https:\/\/armyrun.ca\/fr\/","logo":{"@type":"ImageObject","inLanguage":"fr-FR","@id":"https:\/\/armyrun.ca\/fr\/#\/schema\/logo\/image\/","url":"https:\/\/armyrun.ca\/wp-content\/uploads\/2024\/02\/image_2024-Logo-armyrun.png","contentUrl":"https:\/\/armyrun.ca\/wp-content\/uploads\/2024\/02\/image_2024-Logo-armyrun.png","width":594,"height":192,"caption":"Army Run"},"image":{"@id":"https:\/\/armyrun.ca\/fr\/#\/schema\/logo\/image\/"},"sameAs":["https:\/\/www.facebook.com\/CanadaArmyRun","https:\/\/x.com\/CanadaArmyRun","https:\/\/www.instagram.com\/canadaarmyrun\/","https:\/\/www.flickr.com\/photos\/canadaarmyrun"]}]}},"_links":{"self":[{"href":"https:\/\/armyrun.ca\/fr\/wp-json\/wp\/v2\/pages\/1784","targetHints":{"allow":["GET"]}}],"collection":[{"href":"https:\/\/armyrun.ca\/fr\/wp-json\/wp\/v2\/pages"}],"about":[{"href":"https:\/\/armyrun.ca\/fr\/wp-json\/wp\/v2\/types\/page"}],"author":[{"embeddable":true,"href":"https:\/\/armyrun.ca\/fr\/wp-json\/wp\/v2\/users\/1"}],"replies":[{"embeddable":true,"href":"https:\/\/armyrun.ca\/fr\/wp-json\/wp\/v2\/comments?post=1784"}],"version-history":[{"count":0,"href":"https:\/\/armyrun.ca\/fr\/wp-json\/wp\/v2\/pages\/1784\/revisions"}],"up":[{"embeddable":true,"href":"https:\/\/armyrun.ca\/fr\/wp-json\/wp\/v2\/pages\/4957"}],"wp:attachment":[{"href":"https:\/\/armyrun.ca\/fr\/wp-json\/wp\/v2\/media?parent=1784"}],"curies":[{"name":"wp","href":"https:\/\/api.w.org\/{rel}","templated":true}]}}