{"id":1597,"date":"2021-07-27T12:26:15","date_gmt":"2021-07-27T16:26:15","guid":{"rendered":"https:\/\/armyrun.ca\/?page_id=1597"},"modified":"2024-02-15T14:51:42","modified_gmt":"2024-02-15T19:51:42","slug":"conditions-dutilisation","status":"publish","type":"page","link":"https:\/\/armyrun.ca\/fr\/conditions-dutilisation\/","title":{"rendered":"Conditions d\u2019utilisation"},"content":{"rendered":"<p><span style=\"font-weight: 400;\">L\u2019objectif des comptes de m\u00e9dias sociaux (Facebook, Instagram et Twitter) de la Course de l\u2019Arm\u00e9e du Canada est de communiquer les plus r\u00e9cents renseignements sur les \u00e9v\u00e9nements, les activit\u00e9s et les initiatives de la Course de l\u2019Arm\u00e9e du Canada au public, aux militaires, aux familles de militaires et aux v\u00e9t\u00e9rans.<\/span><\/p>\n<p><span style=\"font-weight: 400;\">Nous nous r\u00e9jouissons de vos commentaires et nous nous attendons \u00e0 ce que les conversations soient respectueuses et pertinentes quant \u00e0 l\u2019objectif de ces comptes. Les types de commentaires suivants peuvent \u00eatre supprim\u00e9s \u00e0 la discr\u00e9tion de la Course de l\u2019Arm\u00e9e du Canada\u00a0:<\/span><\/p>\n<ul>\n<li style=\"font-weight: 400;\" aria-level=\"1\"><span style=\"font-weight: 400;\">Les commentaires qui encouragent les actes ill\u00e9gaux (y compris les violations du droit d\u2019auteur) ou qui contiennent des liens vers des \u00e9l\u00e9ments ill\u00e9gaux;<\/span><\/li>\n<li style=\"font-weight: 400;\" aria-level=\"1\"><span style=\"font-weight: 400;\">Les propos diffamatoires ou potentiellement diffamatoires;<\/span><\/li>\n<li style=\"font-weight: 400;\" aria-level=\"1\"><span style=\"font-weight: 400;\">Les commentaires discriminatoires fond\u00e9s sur l\u2019ethnie, le sexe, l\u2019orientation sexuelle, l\u2019origine nationale, l\u2019origine ethnique, la citoyennet\u00e9, l\u2019emploi ou l\u2019\u00e9tat de sant\u00e9;<\/span><\/li>\n<li style=\"font-weight: 400;\" aria-level=\"1\"><span style=\"font-weight: 400;\">Les commentaires qui ne sont pas respectueux des autres participants et de leurs opinions;<\/span><\/li>\n<li style=\"font-weight: 400;\" aria-level=\"1\"><span style=\"font-weight: 400;\">Les commentaires qui comportent des renseignements personnels permettant de vous identifier ou d\u2019identifier toute autre personne;<\/span><\/li>\n<li style=\"font-weight: 400;\" aria-level=\"1\"><span style=\"font-weight: 400;\">Les commentaires qui renferment des injures gratuites ou excessives;<\/span><\/li>\n<li style=\"font-weight: 400;\" aria-level=\"1\"><span style=\"font-weight: 400;\">Le mat\u00e9riel ou les liens vers du mat\u00e9riel qui pourrait \u00eatre consid\u00e9r\u00e9 comme obsc\u00e8ne, pornographique, vulgaire ou offensant;<\/span><\/li>\n<li style=\"font-weight: 400;\" aria-level=\"1\"><span style=\"font-weight: 400;\">Les commentaires qui font la promotion ou d\u00e9fendent des int\u00e9r\u00eats commerciaux ou politiques (y compris les liens vers d\u2019autres sites Web);<\/span><\/li>\n<li style=\"font-weight: 400;\" aria-level=\"1\"><span style=\"font-weight: 400;\">Les commentaires dans des langues autres que l\u2019anglais ou le fran\u00e7ais;<\/span><\/li>\n<li style=\"font-weight: 400;\" aria-level=\"1\"><span style=\"font-weight: 400;\">Les commentaires non pertinents ou hors sujet;<\/span><\/li>\n<li style=\"font-weight: 400;\" aria-level=\"1\"><span style=\"font-weight: 400;\">Les commentaires r\u00e9p\u00e9titifs ou les messages ind\u00e9sirables (spam);<\/span><\/li>\n<\/ul>\n<p><span style=\"font-weight: 400;\">Les demandes de dons \u00e0 des organisations ne relevant pas du fonds <\/span><a href=\"https:\/\/www.appuyonsnostroupes.ca\/\"><span style=\"font-weight: 400;\">Appuyons nos troupes<\/span><\/a><span style=\"font-weight: 400;\">*.<\/span><\/p>\n<p>*Pour en savoir plus sur les dons aux membres des Forces arm\u00e9es canadiennes, aux v\u00e9t\u00e9rans et aux familles des militaires.<\/p>\n<p>En publiant un commentaire sur ces sites de m\u00e9dias sociaux, vous, en qualit\u00e9 d\u2019utilisateur, acceptez d\u2019indemniser la Course de l\u2019Arm\u00e9e du Canada et de la d\u00e9gager de toute responsabilit\u00e9 et de toute r\u00e9clamation, toute demande, toute action ou tout co\u00fbt de tiers (y compris les frais juridiques selon le principe avocat-client) d\u00e9coulant de sa publication, notamment la violation de la confidentialit\u00e9 ou du droit d\u2019auteur, la diffamation ou toute d\u00e9claration obsc\u00e8ne, diffamatoire, blasph\u00e9matoire ou autre d\u00e9claration donnant lieu \u00e0 une action en justice que vous pourriez faire.<\/p>\n<p>Nous ne pouvons pas participer \u00e0 des enjeux ou r\u00e9pondre \u00e0 des questions qui enfreignent les pr\u00e9sentes conditions d\u2019utilisation. La Course de l\u2019Arm\u00e9e du Canada ne fera pas de commentaires dans le cas d\u2019enqu\u00eates, de proc\u00e9dures judiciaires ou de questions en cours devant le Parlement. Les commentaires utilis\u00e9s \u00e0 des fins politiques ne seront pas publi\u00e9s. Nous prendrons au s\u00e9rieux et signalerons aux autorit\u00e9s comp\u00e9tentes toute menace envers la Course de l\u2019Arm\u00e9e du Canada, ses employ\u00e9s, ses agents, les autres utilisateurs ou le gouvernement f\u00e9d\u00e9ral.<\/p>\n<p>Tous les commentaires publi\u00e9s appartiennent au domaine public et peuvent \u00eatre utilis\u00e9s par les fournisseurs de services (Facebook, Instagram ou Twitter) conform\u00e9ment \u00e0 leurs conditions. La Course de l\u2019Arm\u00e9e du Canada ne g\u00e8re pas l\u2019utilisation de vos renseignements par les fournisseurs de services ou d\u2019autres personnes.<\/p>\n<p><strong><u>Quelques autres remarques importantes<\/u><\/strong><strong>\u00a0:<\/strong><\/p>\n<ul>\n<li>Vous participez \u00e0 vos propres risques, en assumant la responsabilit\u00e9 personnelle de vos commentaires, de votre nom d\u2019utilisateur et de tout renseignement fourni. Pour prot\u00e9ger votre vie priv\u00e9e et celle des autres, nous vous recommandons de ne pas inclure dans vos commentaires des renseignements personnels tels qu\u2019un num\u00e9ro de t\u00e9l\u00e9phone, une adresse \u00e9lectronique, des coordonn\u00e9es, votre ville natale, etc.<\/li>\n<li>En outre, nous rappelons aux utilisateurs que leur participation \u00e0 ces pages de m\u00e9dias sociaux est assujettie aux conditions de Facebook, d\u2019Instagram et de Twitter, que nous vous invitons \u00e0 lire.<\/li>\n<li>Les opinions exprim\u00e9es dans les commentaires refl\u00e8tent celles de l\u2019auteur et ne repr\u00e9sentent pas n\u00e9cessairement les opinions de la Course de l\u2019Arm\u00e9e du Canada.<\/li>\n<li>Les r\u00e9ponses aux publications seront g\u00e9n\u00e9ralement examin\u00e9es et affich\u00e9es pendant les heures normales de bureau (de 9\u00a0h \u00e0 17\u00a0h, heure normale de l\u2019Est), du lundi au vendredi.<\/li>\n<li>Notre d\u00e9cision de \u00ab\u00a0suivre\u00a0\u00bb, de d\u00e9signer comme \u00ab\u00a0favori\u00a0\u00bb ou de nous \u00ab\u00a0abonner\u00a0\u00bb \u00e0 un autre compte de m\u00e9dias sociaux ne signifie pas que nous approuvons ce compte, cette cha\u00eene, cette page ou ce site, et il en va de m\u00eame pour le partage (d\u2019un gazouillis, d\u2019une publication ou d\u2019un lien) du contenu d\u2019un autre utilisateur.<\/li>\n<li>Des renseignements suppl\u00e9mentaires sont accessibles dans la section des <a href=\"http:\/\/www.forces.gc.ca\/fr\/termes-conditions.page\">Termes et conditions<\/a> du site Web du minist\u00e8re de la D\u00e9fense nationale et des Forces canadiennes.<\/li>\n<\/ul>\n<p>&nbsp;<\/p>\n<p>Si vous avez des questions sur les pr\u00e9sentes conditions d\u2019utilisation ou sur la mani\u00e8re dont nous les appliquons, veuillez nous \u00e9crire \u00e0 l\u2019adresse suivante\u00a0: <a href=\"mailto:info@armyrun.ca\">info@armyrun.ca<\/a>.<\/p>\n","protected":false},"excerpt":{"rendered":"<p>L\u2019objectif des comptes de m\u00e9dias sociaux (Facebook, Instagram et Twitter) de la Course de l\u2019Arm\u00e9e du Canada est de communiquer les plus r\u00e9cents renseignements sur les \u00e9v\u00e9nements, les activit\u00e9s et les initiatives de la Course de l\u2019Arm\u00e9e du Canada au public, aux militaires, aux familles de militaires et aux v\u00e9t\u00e9rans. Nous nous r\u00e9jouissons de vos [&hellip;]<\/p>\n","protected":false},"author":2,"featured_media":0,"parent":0,"menu_order":0,"comment_status":"closed","ping_status":"closed","template":"","meta":{"inline_featured_image":false,"_monsterinsights_skip_tracking":false,"_monsterinsights_sitenote_active":false,"_monsterinsights_sitenote_note":"","_monsterinsights_sitenote_category":0,"footnotes":""},"class_list":["post-1597","page","type-page","status-publish","hentry"],"yoast_head":"<!-- This site is optimized with the Yoast SEO Premium plugin v27.3 (Yoast SEO v27.3) - https:\/\/yoast.com\/product\/yoast-seo-premium-wordpress\/ -->\n<title>Conditions d\u2019utilisation - Course de l&#039;Arm\u00e9e<\/title>\n<meta name=\"robots\" content=\"index, follow, max-snippet:-1, max-image-preview:large, max-video-preview:-1\" \/>\n<link rel=\"canonical\" href=\"https:\/\/armyrun.ca\/fr\/conditions-dutilisation\/\" \/>\n<meta property=\"og:locale\" content=\"fr_FR\" \/>\n<meta property=\"og:type\" content=\"article\" \/>\n<meta property=\"og:title\" content=\"Conditions d\u2019utilisation\" \/>\n<meta property=\"og:description\" content=\"L\u2019objectif des comptes de m\u00e9dias sociaux (Facebook, Instagram et Twitter) de la Course de l\u2019Arm\u00e9e du Canada est de communiquer les plus r\u00e9cents renseignements sur les \u00e9v\u00e9nements, les activit\u00e9s et les initiatives de la Course de l\u2019Arm\u00e9e du Canada au public, aux militaires, aux familles de militaires et aux v\u00e9t\u00e9rans. Nous nous r\u00e9jouissons de vos [&hellip;]\" \/>\n<meta property=\"og:url\" content=\"https:\/\/armyrun.ca\/fr\/conditions-dutilisation\/\" \/>\n<meta property=\"og:site_name\" content=\"Course de l&#039;Arm\u00e9e\" \/>\n<meta property=\"article:publisher\" content=\"https:\/\/www.facebook.com\/CanadaArmyRun\" \/>\n<meta property=\"article:modified_time\" content=\"2024-02-15T19:51:42+00:00\" \/>\n<meta name=\"twitter:card\" content=\"summary_large_image\" \/>\n<meta name=\"twitter:site\" content=\"@CanadaArmyRun\" \/>\n<meta name=\"twitter:label1\" content=\"Dur\u00e9e de lecture estim\u00e9e\" \/>\n\t<meta name=\"twitter:data1\" content=\"4 minutes\" \/>\n<script type=\"application\/ld+json\" class=\"yoast-schema-graph\">{\"@context\":\"https:\\\/\\\/schema.org\",\"@graph\":[{\"@type\":\"WebPage\",\"@id\":\"https:\\\/\\\/armyrun.ca\\\/fr\\\/conditions-dutilisation\\\/\",\"url\":\"https:\\\/\\\/armyrun.ca\\\/fr\\\/conditions-dutilisation\\\/\",\"name\":\"Conditions d\u2019utilisation - Course de l&#039;Arm\u00e9e\",\"isPartOf\":{\"@id\":\"https:\\\/\\\/armyrun.ca\\\/fr\\\/#website\"},\"datePublished\":\"2021-07-27T16:26:15+00:00\",\"dateModified\":\"2024-02-15T19:51:42+00:00\",\"breadcrumb\":{\"@id\":\"https:\\\/\\\/armyrun.ca\\\/fr\\\/conditions-dutilisation\\\/#breadcrumb\"},\"inLanguage\":\"fr-FR\",\"potentialAction\":[{\"@type\":\"ReadAction\",\"target\":[\"https:\\\/\\\/armyrun.ca\\\/fr\\\/conditions-dutilisation\\\/\"]}]},{\"@type\":\"BreadcrumbList\",\"@id\":\"https:\\\/\\\/armyrun.ca\\\/fr\\\/conditions-dutilisation\\\/#breadcrumb\",\"itemListElement\":[{\"@type\":\"ListItem\",\"position\":1,\"name\":\"Accueill\",\"item\":\"https:\\\/\\\/armyrun.ca\\\/fr\\\/\"},{\"@type\":\"ListItem\",\"position\":2,\"name\":\"Conditions d\u2019utilisation\"}]},{\"@type\":\"WebSite\",\"@id\":\"https:\\\/\\\/armyrun.ca\\\/fr\\\/#website\",\"url\":\"https:\\\/\\\/armyrun.ca\\\/fr\\\/\",\"name\":\"Army Run\",\"description\":\"Une course extraordinaire\",\"publisher\":{\"@id\":\"https:\\\/\\\/armyrun.ca\\\/fr\\\/#organization\"},\"potentialAction\":[{\"@type\":\"SearchAction\",\"target\":{\"@type\":\"EntryPoint\",\"urlTemplate\":\"https:\\\/\\\/armyrun.ca\\\/fr\\\/?s={search_term_string}\"},\"query-input\":{\"@type\":\"PropertyValueSpecification\",\"valueRequired\":true,\"valueName\":\"search_term_string\"}}],\"inLanguage\":\"fr-FR\"},{\"@type\":\"Organization\",\"@id\":\"https:\\\/\\\/armyrun.ca\\\/fr\\\/#organization\",\"name\":\"Army Run\",\"url\":\"https:\\\/\\\/armyrun.ca\\\/fr\\\/\",\"logo\":{\"@type\":\"ImageObject\",\"inLanguage\":\"fr-FR\",\"@id\":\"https:\\\/\\\/armyrun.ca\\\/fr\\\/#\\\/schema\\\/logo\\\/image\\\/\",\"url\":\"https:\\\/\\\/armyrun.ca\\\/wp-content\\\/uploads\\\/2024\\\/02\\\/image_2024-Logo-armyrun.png\",\"contentUrl\":\"https:\\\/\\\/armyrun.ca\\\/wp-content\\\/uploads\\\/2024\\\/02\\\/image_2024-Logo-armyrun.png\",\"width\":594,\"height\":192,\"caption\":\"Army Run\"},\"image\":{\"@id\":\"https:\\\/\\\/armyrun.ca\\\/fr\\\/#\\\/schema\\\/logo\\\/image\\\/\"},\"sameAs\":[\"https:\\\/\\\/www.facebook.com\\\/CanadaArmyRun\",\"https:\\\/\\\/x.com\\\/CanadaArmyRun\",\"https:\\\/\\\/www.instagram.com\\\/canadaarmyrun\\\/\",\"https:\\\/\\\/www.flickr.com\\\/photos\\\/canadaarmyrun\"]}]}<\/script>\n<!-- \/ Yoast SEO Premium plugin. -->","yoast_head_json":{"title":"Conditions d\u2019utilisation - Course de l&#039;Arm\u00e9e","robots":{"index":"index","follow":"follow","max-snippet":"max-snippet:-1","max-image-preview":"max-image-preview:large","max-video-preview":"max-video-preview:-1"},"canonical":"https:\/\/armyrun.ca\/fr\/conditions-dutilisation\/","og_locale":"fr_FR","og_type":"article","og_title":"Conditions d\u2019utilisation","og_description":"L\u2019objectif des comptes de m\u00e9dias sociaux (Facebook, Instagram et Twitter) de la Course de l\u2019Arm\u00e9e du Canada est de communiquer les plus r\u00e9cents renseignements sur les \u00e9v\u00e9nements, les activit\u00e9s et les initiatives de la Course de l\u2019Arm\u00e9e du Canada au public, aux militaires, aux familles de militaires et aux v\u00e9t\u00e9rans. Nous nous r\u00e9jouissons de vos [&hellip;]","og_url":"https:\/\/armyrun.ca\/fr\/conditions-dutilisation\/","og_site_name":"Course de l&#039;Arm\u00e9e","article_publisher":"https:\/\/www.facebook.com\/CanadaArmyRun","article_modified_time":"2024-02-15T19:51:42+00:00","twitter_card":"summary_large_image","twitter_site":"@CanadaArmyRun","twitter_misc":{"Dur\u00e9e de lecture estim\u00e9e":"4 minutes"},"schema":{"@context":"https:\/\/schema.org","@graph":[{"@type":"WebPage","@id":"https:\/\/armyrun.ca\/fr\/conditions-dutilisation\/","url":"https:\/\/armyrun.ca\/fr\/conditions-dutilisation\/","name":"Conditions d\u2019utilisation - Course de l&#039;Arm\u00e9e","isPartOf":{"@id":"https:\/\/armyrun.ca\/fr\/#website"},"datePublished":"2021-07-27T16:26:15+00:00","dateModified":"2024-02-15T19:51:42+00:00","breadcrumb":{"@id":"https:\/\/armyrun.ca\/fr\/conditions-dutilisation\/#breadcrumb"},"inLanguage":"fr-FR","potentialAction":[{"@type":"ReadAction","target":["https:\/\/armyrun.ca\/fr\/conditions-dutilisation\/"]}]},{"@type":"BreadcrumbList","@id":"https:\/\/armyrun.ca\/fr\/conditions-dutilisation\/#breadcrumb","itemListElement":[{"@type":"ListItem","position":1,"name":"Accueill","item":"https:\/\/armyrun.ca\/fr\/"},{"@type":"ListItem","position":2,"name":"Conditions d\u2019utilisation"}]},{"@type":"WebSite","@id":"https:\/\/armyrun.ca\/fr\/#website","url":"https:\/\/armyrun.ca\/fr\/","name":"Army Run","description":"Une course extraordinaire","publisher":{"@id":"https:\/\/armyrun.ca\/fr\/#organization"},"potentialAction":[{"@type":"SearchAction","target":{"@type":"EntryPoint","urlTemplate":"https:\/\/armyrun.ca\/fr\/?s={search_term_string}"},"query-input":{"@type":"PropertyValueSpecification","valueRequired":true,"valueName":"search_term_string"}}],"inLanguage":"fr-FR"},{"@type":"Organization","@id":"https:\/\/armyrun.ca\/fr\/#organization","name":"Army Run","url":"https:\/\/armyrun.ca\/fr\/","logo":{"@type":"ImageObject","inLanguage":"fr-FR","@id":"https:\/\/armyrun.ca\/fr\/#\/schema\/logo\/image\/","url":"https:\/\/armyrun.ca\/wp-content\/uploads\/2024\/02\/image_2024-Logo-armyrun.png","contentUrl":"https:\/\/armyrun.ca\/wp-content\/uploads\/2024\/02\/image_2024-Logo-armyrun.png","width":594,"height":192,"caption":"Army Run"},"image":{"@id":"https:\/\/armyrun.ca\/fr\/#\/schema\/logo\/image\/"},"sameAs":["https:\/\/www.facebook.com\/CanadaArmyRun","https:\/\/x.com\/CanadaArmyRun","https:\/\/www.instagram.com\/canadaarmyrun\/","https:\/\/www.flickr.com\/photos\/canadaarmyrun"]}]}},"_links":{"self":[{"href":"https:\/\/armyrun.ca\/fr\/wp-json\/wp\/v2\/pages\/1597","targetHints":{"allow":["GET"]}}],"collection":[{"href":"https:\/\/armyrun.ca\/fr\/wp-json\/wp\/v2\/pages"}],"about":[{"href":"https:\/\/armyrun.ca\/fr\/wp-json\/wp\/v2\/types\/page"}],"author":[{"embeddable":true,"href":"https:\/\/armyrun.ca\/fr\/wp-json\/wp\/v2\/users\/2"}],"replies":[{"embeddable":true,"href":"https:\/\/armyrun.ca\/fr\/wp-json\/wp\/v2\/comments?post=1597"}],"version-history":[{"count":0,"href":"https:\/\/armyrun.ca\/fr\/wp-json\/wp\/v2\/pages\/1597\/revisions"}],"wp:attachment":[{"href":"https:\/\/armyrun.ca\/fr\/wp-json\/wp\/v2\/media?parent=1597"}],"curies":[{"name":"wp","href":"https:\/\/api.w.org\/{rel}","templated":true}]}}